{"id":11,"date":"2016-01-29T10:14:18","date_gmt":"2016-01-29T10:14:18","guid":{"rendered":"https:\/\/the7.io\/beauty-studio\/?page_id=11"},"modified":"2026-01-02T00:24:00","modified_gmt":"2026-01-02T00:24:00","slug":"temoignages","status":"publish","type":"page","link":"https:\/\/www.apwbelgium.be\/fr\/temoignages\/temoignages\/","title":{"rendered":"T\u00e9moignages"},"content":{"rendered":"<div class=\"wpb-content-wrapper\"><p>[vc_row][vc_column css=&#8221;.vc_custom_1576195383105{margin-top: 25px !important;}&#8221;]<div id=\"ultimate-heading-832869ddfd188aca4\" class=\"uvc-heading ult-adjust-bottom-margin ultimate-heading-832869ddfd188aca4 uvc-2763  uvc-heading-default-font-sizes\" data-hspacer=\"no_spacer\"  data-halign=\"center\" style=\"text-align:center\"><div class=\"uvc-heading-spacer no_spacer\" style=\"top\"><\/div><div class=\"uvc-main-heading ult-responsive\"  data-ultimate-target='.uvc-heading.ultimate-heading-832869ddfd188aca4 h1'  data-responsive-json-new='{\"font-size\":\"\",\"line-height\":\"\"}' ><h1 style=\"font-weight:bold;color:#000000;\">T\u00e9moignages<\/h1><\/div><\/div>[\/vc_column][\/vc_row][vc_row type=&#8221;vc_default&#8221; css=&#8221;.vc_custom_1604541332840{background-color: #ffffff !important;}&#8221;][vc_column css=&#8221;.vc_custom_1576195314955{padding-top: 50px !important;padding-bottom: 70px !important;}&#8221;][vc_row_inner css=&#8221;.vc_custom_1604541376118{background-color: #ffffff !important;}&#8221;][vc_column_inner][vc_column_text]<\/p>\n<h3 class=\"blue\">SA Antracobel<\/h3>\n<p>Mon fr\u00e8re et moi-m\u00eame g\u00e9rions ensemble une soci\u00e9t\u00e9 et avons d\u00e9cid\u00e9 de cr\u00e9er chacun la n\u00f4tre. L\u2019antenne GSM se retrouvant sur ma propri\u00e9t\u00e9, j\u2019ai donc inform\u00e9 l\u2019op\u00e9rateur du changement de propri\u00e9taire. J\u2019ai alors recherch\u00e9 et trouv\u00e9 sur internet les soci\u00e9t\u00e9s qui rach\u00e8tent les loyers des antennes GSM et ai contact\u00e9 APW Belgium. En moins d\u2019un mois, APW et moi-m\u00eame avions sign\u00e9 notre accord commercial. Ensuite, une fois l\u2019accord sign\u00e9, les plans de la parcelle ont \u00e9t\u00e9 r\u00e9alis\u00e9s et la proc\u00e9dure l\u00e9gale a avanc\u00e9 pour en arriver \u00e0 la signature finale environ 2 mois plus tard. APW a toujours \u00e9cout\u00e9 mes demandes ou avis. Le dialogue a toujours \u00e9t\u00e9 de mise. Gr\u00e2ce au capital re\u00e7u, j\u2019ai pu r\u00e9investir dans ma soci\u00e9t\u00e9. En somme, une affaire bien men\u00e9e !<\/p>\n<p>Alain WAUTELET<br \/>\nGembloux<\/p>\n<hr \/>\n<h3 class=\"blue\">Joseph TOLLET<\/h3>\n<p>Nous avons re\u00e7u un appel t\u00e9l\u00e9phonique de APW et quelques jours plus tard, nous recevions l\u2019offre qui nous a men\u00e9 vers l\u2019accord final. Les diff\u00e9rentes \u00e9tapes, faciles et moins faciles, ont toujours \u00e9t\u00e9 g\u00e9r\u00e9es dans le cadre d\u2019une collaboration ouverte et transparente qui a confirm\u00e9 la confiance pr\u00e9sente d\u00e8s ce 1er appel. Le passage des c\u00e2bles sur un terrain voisin en pleine revente ou le positionnement du pyl\u00f4ne derri\u00e8re la maison difficilement atteignable par une grue, ont \u00e9t\u00e9 totalement pris en charge par APW et nous avons pu signer comme convenu. Nous avons appr\u00e9ci\u00e9 cette gestion et sommes reconnaissants de ce partenariat.<\/p>\n<p>Lincent<\/p>\n<hr \/>\n<h3 class=\"blue\">Bruno LEFEBVRE<\/h3>\n<p>Avant d&#8217;\u00eatre en contact avec APW Belgium, une soci\u00e9t\u00e9 concurrente avait essay\u00e9 de me mettre une pression monstre pour que je c\u00e8de mes revenus locatifs contre une somme. Allant m\u00eame jusqu&#8217;\u00e0 se faire passer pour l&#8217;op\u00e9rateur t\u00e9l\u00e9phonique et que si je n&#8217;acceptais pas cette somme d&#8217;argent, l&#8217;antenne serait d\u00e9mont\u00e9e et que je perdais mes revenus. Un an plus tard, j&#8217;ai re\u00e7u un coup de fil d&#8217;une personne tr\u00e8s s\u00e9rieuse, professionnelle et tr\u00e8s r\u00e9active (Mme Calabrese) et qui directement m&#8217;a expliqu\u00e9 le fonctionnement d&#8217;APW Belgium. Tout de suite, une confiance s&#8217;est install\u00e9e, nous nous sommes mis d&#8217;accord sur le montant qui arrangeait les deux parties, et nous avons pu conclure ce bail emphyt\u00e9otique. Je recommande donc la soci\u00e9t\u00e9 APW Belgium &#8230;<\/p>\n<p>Fosses-la-Ville<\/p>\n<hr \/>\n<h3 class=\"blue\">RFC Croatia Wandre<\/h3>\n<p>Je voulais remercier APW Belgium pour le rachat du bail du site GSM se trouvant sur notre terrain \u00e0 Wandre. Apres n\u00e9gociations , nous avons d\u00e9cid\u00e9 d\u2019accorder un bail emphyt\u00e9otique \u00e0 APW. La coop\u00e9ration avec APW a toujours \u00e9t\u00e9 excellente et je remercie Mme Calabrese de son professionnalisme et de l\u2019aide qu\u2019elle nous a t\u00e9moign\u00e9e lors de l\u2019\u00e9tablissement du bail ou de l\u2019accompagnement des diff\u00e9rentes \u00e9tapes.<\/p>\n<p>Damir Milakovic<\/p>\n<hr \/>\n<h3 class=\"blue\">TC Den Bruul<\/h3>\n<p>En 2018, APW Belgium a contact\u00e9 le TC Den Bruul \u00e0 Geel. La soci\u00e9t\u00e9 nous proposait le rachat du bail du site GSM se trouvant sur notre terrain. Apr\u00e8s n\u00e9gociations, nous avons d\u00e9cid\u00e9 d&#8217;accorder un bail emphyt\u00e9otique \u00e0 APW. La coop\u00e9ration avec APW a toujours \u00e9t\u00e9 tr\u00e8s correcte. Au cours des n\u00e9gociations, nous avons re\u00e7u suffisamment d\u2019informations pour proc\u00e9der \u00e0 l&#8217;\u00e9tablissement du bail emphyt\u00e9otique en toute connaissance de cause. Ces n\u00e9gociations se sont d\u00e9roul\u00e9es dans une atmosph\u00e8re ouverte, ce qui a abouti \u00e0 diverses propositions d&#8217;APW pour r\u00e9pondre \u00e0 nos besoins.<\/p>\n<p>Bert Adriaens, Membre du Conseil d&#8217;Administration<\/p>\n<hr \/>\n<h3 class=\"blue\">Leplang Bois<\/h3>\n<p>En septembre 2021 nous avons sign\u00e9 l\u2019accord entre notre soci\u00e9t\u00e9 Leplang Bois et APW Belgium. Nous \u00e9tions en relation depuis le 5 mars 2020. Comme pour beaucoup, la situation travers\u00e9e depuis lors a \u00e9t\u00e9 compliqu\u00e9e, mais le dialogue entre nos 2 soci\u00e9t\u00e9s a \u00e9t\u00e9 permanent et \u00e0 l&#8217;\u00e9coute. Jusqu\u2019\u00e0 l\u2019appel d\u2019APW, nous ignorions qu\u2019il \u00e9tait possible de vendre le loyer de l\u2019antenne. L\u2019apport d\u2019un capital a \u00e9t\u00e9 le point d\u00e9cisif dans notre d\u00e9cision.<\/p>\n<p>B.LEPLANG, Administrateur-D\u00e9l\u00e9gu\u00e9<br \/>\nNamur<\/p>\n<hr \/>\n<h3 class=\"blue\">ASBL RLC Mesvin<\/h3>\n<p>Les 1ers contacts avec APW Belgium remontent \u00e0 d\u00e9cembre 2020 via notre nouveau comptable qui pris ce poste au pied lev\u00e9 et a imm\u00e9diatement compris la d\u00e9marche de APW. Il m\u2019a, en tant que Pr\u00e9sident du club, inclus dans la n\u00e9gociation. Afin de compl\u00e9ter le dossier \u2018antennes GSM\u2019, nous avons demand\u00e9 aux op\u00e9rateurs l\u2019ensemble des documents contractuels qui nous lient. Ils nous ont \u00e9t\u00e9 envoy\u00e9s imm\u00e9diatement. Ensuite, avec APW nous avons pris le temps de la r\u00e9flexion ou plut\u00f4t du choix parmi les investissements que le club devait faire. Nous les avons prioris\u00e9s, inscrits dans un calendrier et convenu de partager le capital en 3 montants identiques pour une mise en parall\u00e8le de l\u2019apport du capital et des investissements \u00e0 r\u00e9aliser. Nous voil\u00e0 donc sur la route du renouveau!<\/p>\n<p>Christophe HOUDART, Pr\u00e9sident<br \/>\nMesvin<\/p>\n<hr \/>\n<h3 class=\"blue\">Darcel Immo Sprl<\/h3>\n<p>Le premier contact avec APW a eu lieu en octobre 2020, je venais d\u2019acheter un site professionnel avec plusieurs hangars et un pyl\u00f4ne avec des antennes GSM. J\u2019ai tout de suite compris le concept et ai accept\u00e9 d\u2019avancer par \u00e9tape. J\u2019ai invit\u00e9 mon comptable dans la boucle d\u2019entr\u00e9e de jeu, tout comme j\u2019ai invit\u00e9 mon avocat et mon notaire afin que le regard soit complet sur les n\u00e9gociations d\u2019un point de vue l\u00e9gal. Ensuite, APW et moi-m\u00eame avons r\u00e9fl\u00e9chi au projet pour lequel le capital serait le plus int\u00e9ressant. APW a toujours accept\u00e9 ces changements tant de projet que de calendrier. Le premier projet \u00e9tait de construire une villa et le capital compl\u00e8terait un cr\u00e9dit dans les 3 ans. Le second et d\u00e9finitif projet \u00e9tait de transformer les hangars en bureaux partag\u00e9s. Une derni\u00e8re n\u00e9gociation a permis d\u2019adapter le capital re\u00e7u et son calendrier. Depuis le Permis a \u00e9t\u00e9 obtenu et le capital vers\u00e9. Une nouvelle aventure d\u00e9bute pour notre soci\u00e9t\u00e9!<\/p>\n<p>Ga\u00ebl ROELS<br \/>\nMontigny Le Tilleul<\/p>\n<hr \/>\n<h3 class=\"blue\">Garage Ford Centre Motor SPRL<\/h3>\n<p>Il y a quelque temps, nous avons \u00e9t\u00e9 contact\u00e9s par APW Belgium qui nous a pr\u00e9sent\u00e9 leur concept. Les conditions et l&#8217;approche professionnelles d&#8217;APW nous ont convaincu et nous avons alors choisi de poursuivre le dialogue. Dans notre garage Ford, nous avions pr\u00e9vu d&#8217;investir dans des bornes de recharge pour voitures \u00e9lectriques. Un apport de capital ext\u00e9rieur nous est apparu utile et bienvenu pour cet investissement. Nous avons consid\u00e9r\u00e9 que la valorisation de notre contrat de bail de l\u2019antenne GSM \u00e9tait la meilleure option pour nous, tout comme le transfert de tous les risques possibles vers APW \u00e9tait un bon bonus. Le capital d&#8217;APW est arriv\u00e9 au bon moment.<\/p>\n<p>Eric DUPIRE<br \/>\nPeronnes Lez Binche<\/p>\n<hr \/>\n<h3 class=\"blue\">Magali Huvelle<\/h3>\n<p>Quelques ann\u00e9es apr\u00e8s le d\u00e9c\u00e8s de mon p\u00e8re nous avons d\u00e9cid\u00e9 (ma m\u00e8re et mes s\u0153urs) de mettre en vente la maison familiale et une parcelle de terrain o\u00f9 se trouvait une antenne t\u00e9l\u00e9phonique avec deux op\u00e9rateurs qui nous fournissaient un loyer annuel. La soci\u00e9t\u00e9 APW Belgium et moi-m\u00eame sommes rentr\u00e9es en contact. APW nous a fait une offre que nous avons n\u00e9goci\u00e9e et nous sommes ensuite vite tomb\u00e9es d&#8217;accord. Le dossier fut long suite \u00e0 un probl\u00e8me d\u2019indivision, de notaire, etc.\u2026 Mais Graziella a toujours \u00e9t\u00e9 compr\u00e9hensive et en contact avec moi-m\u00eame afin de pouvoir r\u00e9aliser les signatures notariales en m\u00eame temps. En r\u00e9alit\u00e9, elle nous a accompagn\u00e9es durant les diff\u00e9rentes \u00e9tapes de la vente jusqu&#8217;\u00e0 l&#8217;acte final. Je remercie fortement Graziella et la Soci\u00e9t\u00e9 APW Belgium pour leur professionnalisme et leur c\u00f4t\u00e9 humain.<\/p>\n<p>Sirault<\/p>\n<hr \/>\n<h3 class=\"blue\">Boudewijn Botteldoorn<\/h3>\n<p>Nous sommes tout simplement tr\u00e8s satisfaits de l&#8217;approche de J\u00e9r\u00f4me et de la soci\u00e9t\u00e9 APWBelgium. Il nous a bien inform\u00e9s, malgr\u00e9 le fait que nous n&#8217;avons pas d\u2019ordinateur et ne pouvons recevoir d\u2019emails. Il nous a inform\u00e9s tout d\u2019abord en ce qui concerne notre bail avec l&#8217;op\u00e9rateur et le fait que nous avions d\u00e9j\u00e0 subi une r\u00e9duction de loyer et une annulation d&#8217;indexation. Ensuite, sur les diff\u00e9rentes options pour convertir ce revenu locatif en capital. Nous avons 80 ans et un bail emphyt\u00e9otique ou un usufruit sur une p\u00e9riode plus longue ne nous convenait pas. Nous avons pr\u00e9f\u00e9r\u00e9 vendre la parcelle de terrain h\u00e9bergeant es antennes. Nos souhaits ont vraiment \u00e9t\u00e9 pris en compte et tout a \u00e9t\u00e9 trait\u00e9 en quelques mois. Nous voulons juste profiter de nos vieux jours et acheter un nouveau salon ainsi qu\u2019une une nouvelle voiture.<\/p>\n<p>Floreffe<\/p>\n<hr \/>\n<h3 class=\"blue\">Yilmaz.A<\/h3>\n<p>La soci\u00e9t\u00e9 APW Belgium m&#8217;a contact\u00e9 au sujet de l&#8217;antenne GSM plac\u00e9e sur un terrain, propri\u00e9t\u00e9 de mon \u00e9pouse et de moi-m\u00eame. L&#8217;appel est arriv\u00e9 au moment du divorce alors que nous devions s\u00e9parer nos biens en commun. L&#8217;offre nous a de suite convenu et nous l&#8217;avons sign\u00e9e, soulag\u00e9s par cette issue pour cette parcelle exclusivement occup\u00e9e par l&#8217;antenne GSM. L&#8217;accompagnement des diff\u00e9rentes \u00e9tapes de la vente jusqu&#8217;\u00e0 l&#8217;acte final a \u00e9t\u00e9 professionnel et humain.<\/p>\n<p>Charleroi<\/p>\n<hr \/>\n<h3 class=\"blue\">Francis &amp; Daniel CONRAD<\/h3>\n<p>Notre soci\u00e9t\u00e9, qui souhaitait d\u00e9velopper ses activit\u00e9s, avait d\u00e9j\u00e0 r\u00e9alis\u00e9 un apport de capital en 2017. Lorsque la soci\u00e9t\u00e9 APW Belgium nous a contact\u00e9 en 2020, nous avons discut\u00e9 de l\u2019offre qui nous \u00e9tait faite et l\u2019avons consid\u00e9r\u00e9e comme un nouvel apport de capital. Echanger les loyers des antennes \u00e0 l\u2019avenir incertain contre un capital garanti nous a tout de suite convaincus. Cela nous permettait de l\u2019investir et d\u2019augmenter notre chiffre d\u2019affaires gr\u00e2ce \u00e0 une augmentation de la production. Nos contacts ont toujours \u00e9t\u00e9 cordiaux avec APW Belgium, avec qui nous avons chemin\u00e9s durant toute la n\u00e9gociation. APW a toujours \u00e9t\u00e9 r\u00e9actif et a r\u00e9pondu \u00e0 nos demandes jusqu\u2019\u00e0 ce que tout soit en ordre. Bref, un d\u00e9roul\u00e9 sans heurt pour un r\u00e9sultat tr\u00e8s satisfaisant.<\/p>\n<p>Colfontaine<\/p>\n<hr \/>\n<h3 class=\"blue\">Association des Copropri\u00e9taires R\u00e9sidence Nalia<\/h3>\n<p>En tant qu\u2019ACP, nous recevions les loyers de 2 op\u00e9rateurs de t\u00e9l\u00e9phonie mobile pr\u00e9sents sur notre toit. Lors d\u2019une assembl\u00e9e g\u00e9n\u00e9rale, Dennis de APW Belgium nous avait expliqu\u00e9 la possibilit\u00e9 de racheter ces loyers. La conversion de ces loyers incertains en un capital garanti nous a permis de r\u00e9parer notre toit et notre ascenseur conform\u00e9ment \u00e0 la nouvelle l\u00e9gislation, sans devoir contracter aucune dette. Malheureusement pour nous, avant que l&#8217;acte ne soit sign\u00e9 chez le notaire, l&#8217;un des op\u00e9rateurs a r\u00e9sili\u00e9 son bail, entra\u00eenant la perte de la moiti\u00e9 de notre loyer t\u00e9l\u00e9com. Le risque de perte \u00e9voqu\u00e9 par Dennis lors de l&#8217;assembl\u00e9e g\u00e9n\u00e9rale \u00e9tait devenu r\u00e9el. APW \u00e9tait toujours pr\u00eat \u00e0 cl\u00f4turer la transaction pour l&#8217;op\u00e9rateur restant. Si nous \u00e9tions parvenus \u00e0 un accord avec APW plus t\u00f4t, ils auraient absorb\u00e9 cette perte \u00e0 notre place. Nous recommandons \u00e0 tous les propri\u00e9taires ayant un bail avec un op\u00e9rateur de parler \u00e0 APW, de prendre le temps de s&#8217;informer sur leur bail et sur l&#8217;\u00e9volution du march\u00e9 des t\u00e9l\u00e9communications. Nous comprenons maintenant qu&#8217;il est plus s\u00fbr d\u2019utiliser le capital d&#8217;APW que de compter sur un revenu locatif incertain.<\/p>\n<p>Covico Vastgoed<br \/>\nOstende<\/p>\n<hr \/>\n<h3 class=\"blue\">Christophe Deti\u00e8ge<\/h3>\n<p>J\u2019ai re\u00e7u un appel t\u00e9l\u00e9phonique de APW Belgium quelques semaines apr\u00e8s le d\u00e9c\u00e8s de mon p\u00e8re. Mon p\u00e8re avait construit une antenne radio dans son jardin et Mobistar y avait ajout\u00e9 une antenne GSM quelques ann\u00e9es plus tard. J\u00e9r\u00f4me m\u2019a clairement expliqu\u00e9 que le capital vers\u00e9 en une fois serait plus int\u00e9ressant que le loyer touch\u00e9 par mon p\u00e8re chaque ann\u00e9e. J\u2019ai tout de suite compris que \u00e7a me permettrait de payer les droits de succession, assez \u00e9lev\u00e9s, sur les propri\u00e9t\u00e9s de mon papa. Ensemble avec APW Belgium nous avons cherch\u00e9 et trouv\u00e9 la construction financi\u00e8re id\u00e9ale, d\u00e9pourvue d\u2019imposition, sur le capital propos\u00e9. Cela n\u2019allait pas de soi, n\u2019\u00e9tant pas encore propri\u00e9taire de la maison et du terrain. Nous avons r\u00e9solu chaque difficult\u00e9 li\u00e9e \u00e0 ma situation. Enfin, nous avons pass\u00e9 les actes notariaux en m\u00eame temps, succession, et cession du bail Mobistar. J\u2019ai appr\u00e9ci\u00e9 la mani\u00e8re avec laquelle J\u00e9r\u00f4me a travaill\u00e9 \u00e0 chercher sans rel\u00e2che la solution la mieux adapt\u00e9e \u00e0 ma situation. Gr\u00e2ce \u00e0 cela, j\u2019ai pu acqu\u00e9rir la maison de mon p\u00e8re.<\/p>\n<p>Beauraing<\/p>\n<hr \/>\n<h3 class=\"blue\">Francine Haems<\/h3>\n<p>J\u2019avais un contrat avec l\u2019un des op\u00e9rateurs de 2011 \u00e0 2017. L\u2019op\u00e9rateur a d\u2019abord commenc\u00e9 \u00e0 menacer de r\u00e9duire le loyer. Ceux-ci ont alors \u00e9t\u00e9 retenus et l\u2019op\u00e9rateur a finalement proc\u00e9d\u00e9 \u00e0 la mise hors service de notre site. \u00c0 la fin, ils ne voulaient m\u00eame pas me donner les cl\u00e9s. Ils l&#8217;ont fait apr\u00e8s leur avoir \u00e9crit un courrier. Avec ce t\u00e9moignage, je voudrais dire que je regrette de ne pas avoir connu AWP \u00e0 ce moment-l\u00e0 afin de limiter les pertes et d\u2019accepter un capital. Je recommande \u00e0 tous les propri\u00e9taires de site GSM de se renseigner sur les solutions alternatives offertes par APW.<\/p>\n<p>Anvers<\/p>\n<hr \/>\n<p>[\/vc_column_text][\/vc_column_inner][\/vc_row_inner][\/vc_column][\/vc_row]<\/p>\n<\/div>","protected":false},"excerpt":{"rendered":"<p>[vc_row][vc_column css=&#8221;.vc_custom_1576195383105{margin-top: 25px !important;}&#8221;][\/vc_column][\/vc_row][vc_row type=&#8221;vc_default&#8221; css=&#8221;.vc_custom_1604541332840{background-color: #ffffff !important;}&#8221;][vc_column css=&#8221;.vc_custom_1576195314955{padding-top: 50px !important;padding-bottom: 70px !important;}&#8221;][vc_row_inner css=&#8221;.vc_custom_1604541376118{background-color: #ffffff !important;}&#8221;][vc_column_inner][vc_column_text] SA Antracobel Mon fr\u00e8re et moi-m\u00eame g\u00e9rions ensemble une soci\u00e9t\u00e9 et avons d\u00e9cid\u00e9 de cr\u00e9er chacun la n\u00f4tre. L\u2019antenne GSM se retrouvant sur ma propri\u00e9t\u00e9, j\u2019ai donc inform\u00e9 l\u2019op\u00e9rateur du changement de propri\u00e9taire. J\u2019ai alors recherch\u00e9 et trouv\u00e9 sur&hellip;<\/p>\n","protected":false},"author":1,"featured_media":0,"parent":8385,"menu_order":500,"comment_status":"closed","ping_status":"closed","template":"","meta":{"_acf_changed":false,"inline_featured_image":false,"footnotes":""},"class_list":["post-11","page","type-page","status-publish","hentry","description-off"],"acf":[],"aioseo_notices":[],"_links":{"self":[{"href":"https:\/\/www.apwbelgium.be\/fr\/wp-json\/wp\/v2\/pages\/11","targetHints":{"allow":["GET"]}}],"collection":[{"href":"https:\/\/www.apwbelgium.be\/fr\/wp-json\/wp\/v2\/pages"}],"about":[{"href":"https:\/\/www.apwbelgium.be\/fr\/wp-json\/wp\/v2\/types\/page"}],"author":[{"embeddable":true,"href":"https:\/\/www.apwbelgium.be\/fr\/wp-json\/wp\/v2\/users\/1"}],"replies":[{"embeddable":true,"href":"https:\/\/www.apwbelgium.be\/fr\/wp-json\/wp\/v2\/comments?post=11"}],"version-history":[{"count":127,"href":"https:\/\/www.apwbelgium.be\/fr\/wp-json\/wp\/v2\/pages\/11\/revisions"}],"predecessor-version":[{"id":9796,"href":"https:\/\/www.apwbelgium.be\/fr\/wp-json\/wp\/v2\/pages\/11\/revisions\/9796"}],"up":[{"embeddable":true,"href":"https:\/\/www.apwbelgium.be\/fr\/wp-json\/wp\/v2\/pages\/8385"}],"wp:attachment":[{"href":"https:\/\/www.apwbelgium.be\/fr\/wp-json\/wp\/v2\/media?parent=11"}],"curies":[{"name":"wp","href":"https:\/\/api.w.org\/{rel}","templated":true}]}}