{"id":1594,"date":"2016-01-29T10:12:39","date_gmt":"2016-01-29T10:12:39","guid":{"rendered":"https:\/\/the7.io\/beauty-studio\/?page_id=5"},"modified":"2025-12-22T20:26:57","modified_gmt":"2025-12-22T20:26:57","slug":"qui-sommes-nous","status":"publish","type":"page","link":"https:\/\/www.apwbelgium.be\/fr\/qui-sommes-nous\/","title":{"rendered":"Qui sommes-nous?"},"content":{"rendered":"<div class=\"wpb-content-wrapper\"><p>[vc_row css=&#8221;.vc_custom_1766422393988{margin-top: 35px !important;}&#8221;][vc_column offset=&#8221;vc_hidden-sm vc_hidden-xs&#8221;][vc_row_inner content_placement=&#8221;middle&#8221;][vc_column_inner width=&#8221;7\/12&#8243;]<div id=\"ultimate-heading-157169f3568465ede\" class=\"uvc-heading ult-adjust-bottom-margin ultimate-heading-157169f3568465ede uvc-6315 \" data-hspacer=\"no_spacer\"  data-halign=\"left\" style=\"text-align:left\"><div class=\"uvc-heading-spacer no_spacer\" style=\"top\"><\/div><div class=\"uvc-main-heading ult-responsive\"  data-ultimate-target='.uvc-heading.ultimate-heading-157169f3568465ede h1'  data-responsive-json-new='{\"font-size\":\"desktop:34px;\",\"line-height\":\"desktop:46px;\"}' ><h1 style=\"font-weight:bold;color:#000000;margin-top:50px;\">Qui Sommes-nous?<\/h1><\/div><\/div>[vc_column_text css=&#8221;.vc_custom_1766422287334{padding-top: 25px !important;padding-bottom: 25px !important;}&#8221;]<\/p>\n<h2 style=\"text-align: left;\"><strong>APWireless est une soci\u00e9t\u00e9 d&#8217;investissement de premier plan, active \u00e0 l&#8217;\u00e9chelle mondiale dans le domaine des t\u00e9l\u00e9communications et des infrastructures num\u00e9riques.\u00a0<\/strong><\/h2>\n<p style=\"text-align: left;\">APWireless se sp\u00e9cialise dans l&#8217;acquisition strat\u00e9gique et la gestion d&#8217;infrastructures de t\u00e9l\u00e9communication critiques, y compris les baux de sites de t\u00e9l\u00e9communications, les commutateurs\/centraux de r\u00e9seau, les points d&#8217;agr\u00e9gation de fibre optique, les syst\u00e8mes d&#8217;antennes distribu\u00e9es (DAS), les centres de donn\u00e9es et les pyl\u00f4nes. Avec plus de 13 000 flux locatifs r\u00e9partis dans 23 pays, APWireless est l&#8217;un des plus grands acqu\u00e9reurs internationaux de biens immobiliers au monde.<\/p>\n<p style=\"text-align: left;\">En 2010, APWireless a commenc\u00e9 \u00e0 investir dans des baux de pyl\u00f4nes de t\u00e9l\u00e9phonie mobile depuis son si\u00e8ge social \u00e0 San Diego et a depuis \u00e9tendu ses activit\u00e9s dans le monde entier. Le portefeuille d&#8217;investissement de la soci\u00e9t\u00e9 comprend des milliers de baux en Europe, en Am\u00e9rique du Nord et du Sud, en Australie et en Asie. Gr\u00e2ce \u00e0 son approche strat\u00e9gique, l&#8217;entreprise s&#8217;est impos\u00e9e comme un investisseur et un partenaire de premier plan dans le secteur des t\u00e9l\u00e9communications.<\/p>\n<p style=\"text-align: left;\">APWireless est une filiale de Radius Global Infrastructure, Inc., une soci\u00e9t\u00e9 de portefeuille d&#8217;EQT Active Core Infrastructure SCSp et du Public Sector Pension Investment Board.<\/p>\n<p>[\/vc_column_text][\/vc_column_inner][vc_column_inner width=&#8221;5\/12&#8243;][vc_single_image image=&#8221;13754&#8243; img_size=&#8221;full&#8221; alignment=&#8221;center&#8221; css=&#8221;.vc_custom_1766422378019{margin-top: 50px !important;}&#8221;][\/vc_column_inner][\/vc_row_inner][\/vc_column][\/vc_row][vc_row css=&#8221;.vc_custom_1764796494752{margin-top: 25px !important;}&#8221;][vc_column offset=&#8221;vc_hidden-lg vc_hidden-md&#8221;][vc_row_inner content_placement=&#8221;middle&#8221;][vc_column_inner]<div id=\"ultimate-heading-429169f3568465f56\" class=\"uvc-heading ult-adjust-bottom-margin ultimate-heading-429169f3568465f56 uvc-5687 \" data-hspacer=\"no_spacer\"  data-halign=\"left\" style=\"text-align:left\"><div class=\"uvc-heading-spacer no_spacer\" style=\"top\"><\/div><div class=\"uvc-main-heading ult-responsive\"  data-ultimate-target='.uvc-heading.ultimate-heading-429169f3568465f56 h1'  data-responsive-json-new='{\"font-size\":\"desktop:34px;\",\"line-height\":\"desktop:46px;\"}' ><h1 style=\"font-weight:bold;color:#000000;margin-top:50px;margin-bottom:0px;\">Qui Sommes-nous?<\/h1><\/div><\/div>[vc_column_text css=&#8221;.vc_custom_1766422236868{padding-top: 25px !important;padding-bottom: 0px !important;}&#8221;]<\/p>\n<h2 style=\"text-align: left;\"><strong>APWireless est une soci\u00e9t\u00e9 d&#8217;investissement de premier plan, active \u00e0 l&#8217;\u00e9chelle mondiale dans le domaine des t\u00e9l\u00e9communications et des infrastructures num\u00e9riques.\u00a0<\/strong><\/h2>\n<p>[\/vc_column_text][vc_single_image image=&#8221;13754&#8243; img_size=&#8221;full&#8221; alignment=&#8221;center&#8221; css=&#8221;.vc_custom_1766422366157{margin-top: 0px !important;margin-bottom: 0px !important;}&#8221;][vc_column_text css=&#8221;.vc_custom_1766422316923{padding-top: 25px !important;padding-bottom: 25px !important;}&#8221;]<\/p>\n<p style=\"text-align: left;\">APWireless se sp\u00e9cialise dans l&#8217;acquisition strat\u00e9gique et la gestion d&#8217;infrastructures de t\u00e9l\u00e9communication critiques, y compris les baux de sites de t\u00e9l\u00e9communications, les commutateurs\/centraux de r\u00e9seau, les points d&#8217;agr\u00e9gation de fibre optique, les syst\u00e8mes d&#8217;antennes distribu\u00e9es (DAS), les centres de donn\u00e9es et les pyl\u00f4nes. Avec plus de 13 000 flux locatifs r\u00e9partis dans 23 pays, APWireless est l&#8217;un des plus grands acqu\u00e9reurs internationaux de biens immobiliers au monde.<\/p>\n<p style=\"text-align: left;\">En 2010, APWireless a commenc\u00e9 \u00e0 investir dans des baux de pyl\u00f4nes de t\u00e9l\u00e9phonie mobile depuis son si\u00e8ge social \u00e0 San Diego et a depuis \u00e9tendu ses activit\u00e9s dans le monde entier. Le portefeuille d&#8217;investissement de la soci\u00e9t\u00e9 comprend des milliers de baux en Europe, en Am\u00e9rique du Nord et du Sud, en Australie et en Asie. Gr\u00e2ce \u00e0 son approche strat\u00e9gique, l&#8217;entreprise s&#8217;est impos\u00e9e comme un investisseur et un partenaire de premier plan dans le secteur des t\u00e9l\u00e9communications.<\/p>\n<p style=\"text-align: left;\">APWireless est une filiale de Radius Global Infrastructure, Inc., une soci\u00e9t\u00e9 de portefeuille d&#8217;EQT Active Core Infrastructure SCSp et du Public Sector Pension Investment Board.<\/p>\n<p>[\/vc_column_text][\/vc_column_inner][\/vc_row_inner][\/vc_column][\/vc_row][vc_row bg_type=&#8221;bg_color&#8221; bg_override=&#8221;ex-full&#8221; type=&#8221;vc_default&#8221; margin_top=&#8221;-50&#8243; css=&#8221;.vc_custom_1581358511780{padding-top: 25px !important;padding-bottom: 50px !important;background-color: #000000 !important;}&#8221; bg_color_value=&#8221;#1f365c&#8221;][vc_column][vc_row_inner][vc_column_inner width=&#8221;1\/4&#8243;]<div class=\"stats-block stats-top  accent-icon-bg \"><div class=\"aio-icon-top\"><div class=\"ult-just-icon-wrapper  \"><div class=\"align-icon\" style=\"text-align:center;\"><\/div><\/div><\/div><div class=\"stats-desc\" id=\"counter-responsv-wrap-9943\"><div id=\"counter_348631455069f3568466117\" data-id=\"counter_348631455069f3568466117\"  data-ultimate-target='#counter-responsv-wrap-9943 .stats-number'  data-responsive-json-new='{\"font-size\":\"desktop:70px;\",\"line-height\":\"desktop:70px;\"}'  class=\"stats-number ult-responsive\" style=\" color:#ffffff; font-family:&#039;Open Sans Condensed&#039;;font-weight:700;color:#ffffff;\" data-speed=\"3\" data-counter-value=\"5\" data-separator=\",\" data-decimal=\".\">0<\/div><div id=\"title-counter_348631455069f3568466117\"  data-ultimate-target='#counter-responsv-wrap-9943 .stats-text'  data-responsive-json-new='{\"font-size\":\"desktop:20px;\",\"line-height\":\"desktop:26px;\"}'  class=\"stats-text ult-responsive\" style=\"font-size:px; color:#ffffff; font-family:&#039;Open Sans Condensed&#039;;font-weight:700;\">Continents<\/div><\/div><\/div>[\/vc_column_inner][vc_column_inner width=&#8221;1\/4&#8243;]<div class=\"stats-block stats-top  accent-icon-bg \"><div class=\"aio-icon-top\"><div class=\"ult-just-icon-wrapper  \"><div class=\"align-icon\" style=\"text-align:center;\"><\/div><\/div><\/div><div class=\"stats-desc\" id=\"counter-responsv-wrap-4298\"><div id=\"counter_46034654969f35684661c3\" data-id=\"counter_46034654969f35684661c3\"  data-ultimate-target='#counter-responsv-wrap-4298 .stats-number'  data-responsive-json-new='{\"font-size\":\"desktop:70px;\",\"line-height\":\"desktop:70px;\"}'  class=\"stats-number ult-responsive\" style=\" color:#ffffff; font-family:&#039;Open Sans Condensed&#039;;font-weight:700;color:#ffffff;\" data-speed=\"3\" data-counter-value=\"23\" data-separator=\",\" data-decimal=\".\">0<\/div><div id=\"title-counter_46034654969f35684661c3\"  data-ultimate-target='#counter-responsv-wrap-4298 .stats-text'  data-responsive-json-new='{\"font-size\":\"desktop:20px;\",\"line-height\":\"desktop:26px;\"}'  class=\"stats-text ult-responsive\" style=\"font-size:px; color:#ffffff; font-family:&#039;Open Sans Condensed&#039;;font-weight:700;\">Des pays<\/div><\/div><\/div>[\/vc_column_inner][vc_column_inner width=&#8221;1\/4&#8243;]<div class=\"stats-block stats-top  accent-icon-bg \"><div class=\"aio-icon-top\"><div class=\"ult-just-icon-wrapper  \"><div class=\"align-icon\" style=\"text-align:center;\"><\/div><\/div><\/div><div class=\"stats-desc\" id=\"counter-responsv-wrap-6985\"><div id=\"counter_234789622069f3568466254\" data-id=\"counter_234789622069f3568466254\"  data-ultimate-target='#counter-responsv-wrap-6985 .stats-number'  data-responsive-json-new='{\"font-size\":\"desktop:70px;\",\"line-height\":\"desktop:70px;\"}'  class=\"stats-number ult-responsive\" style=\" color:#ffffff; font-family:&#039;Open Sans Condensed&#039;;font-weight:700;color:#ffffff;\" data-speed=\"3\" data-counter-value=\"2700\" data-separator=\".\" data-decimal=\".\">0<\/div><div class=\"counter_suffix mycust ult-responsive\"  data-ultimate-target='#counter-responsv-wrap-6985 .mycust'  data-responsive-json-new='{\"font-size\":\"desktop:60px;\",\"line-height\":\"\"}'  style=\" font-weight:bold;color:#ffffff\">+<\/div><div id=\"title-counter_234789622069f3568466254\"  data-ultimate-target='#counter-responsv-wrap-6985 .stats-text'  data-responsive-json-new='{\"font-size\":\"desktop:20px;\",\"line-height\":\"desktop:26px;\"}'  class=\"stats-text ult-responsive\" style=\"font-size:px; color:#ffffff; font-family:&#039;Open Sans Condensed&#039;;font-weight:700;\">T\u00e9moignages<\/div><\/div><\/div>[\/vc_column_inner][vc_column_inner width=&#8221;1\/4&#8243;]<div class=\"stats-block stats-top  accent-icon-bg \"><div class=\"aio-icon-top\"><div class=\"ult-just-icon-wrapper  \"><div class=\"align-icon\" style=\"text-align:center;\"><\/div><\/div><\/div><div class=\"stats-desc\" id=\"counter-responsv-wrap-3018\"><div id=\"counter_79255114269f35684662d2\" data-id=\"counter_79255114269f35684662d2\"  data-ultimate-target='#counter-responsv-wrap-3018 .stats-number'  data-responsive-json-new='{\"font-size\":\"desktop:70px;\",\"line-height\":\"desktop:70px;\"}'  class=\"stats-number ult-responsive\" style=\" color:#ffffff; font-family:&#039;Open Sans Condensed&#039;;font-weight:700;color:#ffffff;\" data-speed=\"3\" data-counter-value=\"13800\" data-separator=\".\" data-decimal=\".\">0<\/div><div class=\"counter_suffix mycust ult-responsive\"  data-ultimate-target='#counter-responsv-wrap-3018 .mycust'  data-responsive-json-new='{\"font-size\":\"desktop:60px;\",\"line-height\":\"\"}'  style=\" font-weight:bold;color:#ffffff\">+<\/div><div id=\"title-counter_79255114269f35684662d2\"  data-ultimate-target='#counter-responsv-wrap-3018 .stats-text'  data-responsive-json-new='{\"font-size\":\"desktop:20px;\",\"line-height\":\"desktop:26px;\"}'  class=\"stats-text ult-responsive\" style=\"font-size:px; color:#ffffff; font-family:&#039;Open Sans Condensed&#039;;font-weight:700;\">Baux<\/div><\/div><\/div>[\/vc_column_inner][\/vc_row_inner][\/vc_column][\/vc_row]<\/p>\n<\/div>","protected":false},"excerpt":{"rendered":"<p>[vc_row css=&#8221;.vc_custom_1766422393988{margin-top: 35px !important;}&#8221;][vc_column offset=&#8221;vc_hidden-sm vc_hidden-xs&#8221;][vc_row_inner content_placement=&#8221;middle&#8221;][vc_column_inner width=&#8221;7\/12&#8243;][vc_column_text css=&#8221;.vc_custom_1766422287334{padding-top: 25px !important;padding-bottom: 25px !important;}&#8221;] APWireless est une soci\u00e9t\u00e9 d&#8217;investissement de premier plan, active \u00e0 l&#8217;\u00e9chelle mondiale dans le domaine des t\u00e9l\u00e9communications et des infrastructures num\u00e9riques.\u00a0 APWireless se sp\u00e9cialise dans l&#8217;acquisition strat\u00e9gique et la gestion d&#8217;infrastructures de t\u00e9l\u00e9communication critiques, y compris les baux de sites de t\u00e9l\u00e9communications,&hellip;<\/p>\n","protected":false},"author":1,"featured_media":1941,"parent":0,"menu_order":100,"comment_status":"closed","ping_status":"closed","template":"","meta":{"_acf_changed":false,"inline_featured_image":false,"footnotes":""},"class_list":["post-1594","page","type-page","status-publish","has-post-thumbnail","hentry","description-off"],"acf":[],"aioseo_notices":[],"_links":{"self":[{"href":"https:\/\/www.apwbelgium.be\/fr\/wp-json\/wp\/v2\/pages\/1594","targetHints":{"allow":["GET"]}}],"collection":[{"href":"https:\/\/www.apwbelgium.be\/fr\/wp-json\/wp\/v2\/pages"}],"about":[{"href":"https:\/\/www.apwbelgium.be\/fr\/wp-json\/wp\/v2\/types\/page"}],"author":[{"embeddable":true,"href":"https:\/\/www.apwbelgium.be\/fr\/wp-json\/wp\/v2\/users\/1"}],"replies":[{"embeddable":true,"href":"https:\/\/www.apwbelgium.be\/fr\/wp-json\/wp\/v2\/comments?post=1594"}],"version-history":[{"count":146,"href":"https:\/\/www.apwbelgium.be\/fr\/wp-json\/wp\/v2\/pages\/1594\/revisions"}],"predecessor-version":[{"id":13756,"href":"https:\/\/www.apwbelgium.be\/fr\/wp-json\/wp\/v2\/pages\/1594\/revisions\/13756"}],"wp:featuredmedia":[{"embeddable":true,"href":"https:\/\/www.apwbelgium.be\/fr\/wp-json\/wp\/v2\/media\/1941"}],"wp:attachment":[{"href":"https:\/\/www.apwbelgium.be\/fr\/wp-json\/wp\/v2\/media?parent=1594"}],"curies":[{"name":"wp","href":"https:\/\/api.w.org\/{rel}","templated":true}]}}