{"id":2,"date":"2018-10-10T21:46:49","date_gmt":"2018-10-10T21:46:49","guid":{"rendered":"http:\/\/iisstage01\/dev2.apwus.com\/?page_id=2"},"modified":"2023-04-07T16:48:31","modified_gmt":"2023-04-07T16:48:31","slug":"pourquoi-est-ce-important","status":"publish","type":"page","link":"https:\/\/www.apwbelgium.be\/fr\/pourquoi-est-ce-important\/","title":{"rendered":"Avantages"},"content":{"rendered":"<div class=\"wpb-content-wrapper\"><p>[vc_row bg_type=&#8221;image&#8221; parallax_style=&#8221;vcpb-default&#8221; bg_image_repeat=&#8221;no-repeat&#8221; bg_override=&#8221;browser_size&#8221; css=&#8221;.vc_custom_1541783692713{background-color: #ffffff !important;}&#8221;][vc_column][vc_row_inner][vc_column_inner css=&#8221;.vc_custom_1555448538282{margin-top: -40px !important;}&#8221;]<div id=\"ultimate-heading-748669f3147f4fee1\" class=\"uvc-heading ult-adjust-bottom-margin ultimate-heading-748669f3147f4fee1 uvc-6877  uvc-heading-default-font-sizes\" data-hspacer=\"no_spacer\"  data-halign=\"center\" style=\"text-align:center\"><div class=\"uvc-heading-spacer no_spacer\" style=\"top\"><\/div><div class=\"uvc-main-heading ult-responsive\"  data-ultimate-target='.uvc-heading.ultimate-heading-748669f3147f4fee1 h1'  data-responsive-json-new='{\"font-size\":\"\",\"line-height\":\"\"}' ><h1 style=\"font-weight:bold;color:#000000;\">Pourquoi est-ce important?<\/h1><\/div><\/div>[vc_column_text][\/vc_column_text][\/vc_column_inner][\/vc_row_inner][\/vc_column][vc_column width=&#8221;2\/3&#8243; css=&#8221;.vc_custom_1574710327110{margin-top: -30px !important;background-color: #ffffff !important;}&#8221; el_id=&#8221;benefitsColumn&#8221;][vc_column_text]<\/p>\n<p class=\"justify\">En tant que propri\u00e9taire mettant un emplacement \u00e0 disposition d\u2019un ou plusieurs op\u00e9rateurs de t\u00e9l\u00e9phonie mobile et recevant un loyer en \u00e9change, vous n\u2019\u00eates pas sans savoir qu\u2019un bail t\u00e9l\u00e9com peut \u00eatre une source pr\u00e9cieuse de revenus. Pourquoi donc voudriez\u2013vous y renoncer? La r\u00e9ponse est simple: au travers des solutions propos\u00e9es par APW Belgium, il vous est possible de convertir votre bail en une source de revenus durable. Le rachat anticip\u00e9 de bail vous permet entre autre de s\u00e9curiser vos revenus, d\u2019\u00eatre plus impliqu\u00e9 dans la gestion de votre actif et de maximiser la valeur imm\u00e9diate et \u00e0 long terme de votre site d\u2019antennes GSM.<\/p>\n<h2><a style=\"color: #1c75bb;\" title=\"S\u00e9curisez vos revenus\" href=\"https:\/\/www.apwbelgium.be\/fr\/pourquoi-est-ce-important\/securisez-vos-revenus-en-tant-que-proprietaire-de-site-dantennes-gsm\/\">S\u00e9curisez vos revenus<\/a><\/h2>\n<p style=\"font-size: 15px; color: #666666; text-align: justify;\">Les r\u00e9seaux de t\u00e9l\u00e9phonie mobile sont extr\u00eamement complexes et \u00e9voluent constamment pour int\u00e9grer les avanc\u00e9es technologiques et les contraintes d\u2019exploitation. Alors que de nouveaux sites sont continuellement construits, d\u2019autres sont mis hors service, laissant ainsi les propri\u00e9taires avec des contrats devenus caducs. Un rachat ou paiement anticip\u00e9 de votre bail \u00e9limine compl\u00e8tement le risque financier de mise hors service ou de r\u00e9duction de loyer.<\/p>\n<h2><a style=\"color: #1c75bb;\" title=\"Prenez le contr\u00f4le\" href=\"https:\/\/www.apwbelgium.be\/fr\/pourquoi-est-ce-important\/prenez-le-controle-au-travers-dun-rachat-de-bail\/\">Prenez le contr\u00f4le<\/a><\/h2>\n<p style=\"font-size: 15px; color: #666666; text-align: justify;\">En optant pour le rachat de votre bail, vous d\u00e9bloquez d\u00e8s aujourd\u2019hui la valeur des loyers futurs associ\u00e9s \u00e0 votre site d\u2019antennes GSM. Autrement dit, cela vous permet d\u2019utiliser votre argent de mani\u00e8re plus intelligente et plus s\u00fbre plut\u00f4t que de d\u00e9pendre d\u2019un site sur lequel vous n\u2019avez aucun contr\u00f4le.<\/p>\n<h2><a style=\"color: #1c75bb;\" title=\"Gagnez davantage\" href=\"https:\/\/www.apwbelgium.be\/fr\/pourquoi-est-ce-important\/retirez-davantage-de-votre-bail-telecom\/\">Gagnez davantage<\/a><\/h2>\n<p style=\"font-size: 15px; color: #666666; text-align: justify;\">Que pourriez-vous faire avec un paiement anticip\u00e9 de votre bail? Que vous investissiez dans une entreprise, financiez de nouveaux projets, ou preniez des vacances de r\u00eave, le fait est que la valeur \u00e0 long terme d\u2019un investissement dans votre domaine d\u2019expertise d\u00e9passe de loin ce que peut vous apporter un revenu locatif g\u00e9n\u00e9r\u00e9 par un bail t\u00e9l\u00e9com.<\/p>\n<p>[\/vc_column_text][\/vc_column][vc_column width=&#8221;1\/3&#8243; css=&#8221;.vc_custom_1575504688805{margin-top: 15px !important;margin-bottom: -69px !important;background-color: #ffffff !important;}&#8221; el_id=&#8221;leaseBuyoutSidebar&#8221;][vc_video link=&#8221;https:\/\/youtu.be\/qz65rJANvSA&#8221; css=&#8221;.vc_custom_1680886035543{margin-top: -30px !important;}&#8221;][vc_column_text]<\/p>\n<p style=\"color: #666666; line-height: 21.25px;\"><i>\u00abIl n&#8217;y a jamais eu de doute sur la transaction elle-m\u00eame, la confiance \u00e9tait l\u00e0.\u00bb<\/i><\/p>\n<p style=\"color: #666666; font-size: 15px; font-weight: bold;\">&#8211; Patrick Claes<\/p>\n<p>[\/vc_column_text][vc_empty_space height=&#8221;192px&#8221; el_id=&#8221;wideDisplay&#8221;][\/vc_column][\/vc_row]<\/p>\n<\/div>","protected":false},"excerpt":{"rendered":"<p>[vc_row bg_type=&#8221;image&#8221; parallax_style=&#8221;vcpb-default&#8221; bg_image_repeat=&#8221;no-repeat&#8221; bg_override=&#8221;browser_size&#8221; css=&#8221;.vc_custom_1541783692713{background-color: #ffffff !important;}&#8221;][vc_column][vc_row_inner][vc_column_inner css=&#8221;.vc_custom_1555448538282{margin-top: -40px !important;}&#8221;][vc_column_text][\/vc_column_text][\/vc_column_inner][\/vc_row_inner][\/vc_column][vc_column width=&#8221;2\/3&#8243; css=&#8221;.vc_custom_1574710327110{margin-top: -30px !important;background-color: #ffffff !important;}&#8221; el_id=&#8221;benefitsColumn&#8221;][vc_column_text] En tant que propri\u00e9taire mettant un emplacement \u00e0 disposition d\u2019un ou plusieurs op\u00e9rateurs de t\u00e9l\u00e9phonie mobile et recevant un loyer en \u00e9change, vous n\u2019\u00eates pas sans savoir qu\u2019un bail t\u00e9l\u00e9com peut \u00eatre une source pr\u00e9cieuse de revenus.&hellip;<\/p>\n","protected":false},"author":1,"featured_media":0,"parent":0,"menu_order":0,"comment_status":"closed","ping_status":"open","template":"","meta":{"_acf_changed":false,"inline_featured_image":false,"footnotes":""},"class_list":["post-2","page","type-page","status-publish","hentry","description-off"],"acf":[],"aioseo_notices":[],"_links":{"self":[{"href":"https:\/\/www.apwbelgium.be\/fr\/wp-json\/wp\/v2\/pages\/2","targetHints":{"allow":["GET"]}}],"collection":[{"href":"https:\/\/www.apwbelgium.be\/fr\/wp-json\/wp\/v2\/pages"}],"about":[{"href":"https:\/\/www.apwbelgium.be\/fr\/wp-json\/wp\/v2\/types\/page"}],"author":[{"embeddable":true,"href":"https:\/\/www.apwbelgium.be\/fr\/wp-json\/wp\/v2\/users\/1"}],"replies":[{"embeddable":true,"href":"https:\/\/www.apwbelgium.be\/fr\/wp-json\/wp\/v2\/comments?post=2"}],"version-history":[{"count":105,"href":"https:\/\/www.apwbelgium.be\/fr\/wp-json\/wp\/v2\/pages\/2\/revisions"}],"predecessor-version":[{"id":9751,"href":"https:\/\/www.apwbelgium.be\/fr\/wp-json\/wp\/v2\/pages\/2\/revisions\/9751"}],"wp:attachment":[{"href":"https:\/\/www.apwbelgium.be\/fr\/wp-json\/wp\/v2\/media?parent=2"}],"curies":[{"name":"wp","href":"https:\/\/api.w.org\/{rel}","templated":true}]}}