{"id":2152,"date":"2018-10-18T23:10:49","date_gmt":"2018-10-18T23:10:49","guid":{"rendered":"http:\/\/iisstage01\/dev2.apwus.com\/?page_id=2152"},"modified":"2022-10-24T21:09:56","modified_gmt":"2022-10-24T21:09:56","slug":"comment-fonctionne-le-processus-de-rachat-de-bail","status":"publish","type":"page","link":"https:\/\/www.apwbelgium.be\/fr\/comment-fonctionne-le-processus-de-rachat-de-bail\/","title":{"rendered":"Comment fonctionne le processus de rachat de bail?"},"content":{"rendered":"<div class=\"wpb-content-wrapper\"><p>[vc_row css=&#8221;.vc_custom_1540399030011{background-color: #ffffff !important;}&#8221;][vc_column css=&#8221;.vc_custom_1547235127203{margin-top: -40px !important;}&#8221;][vc_row_inner css=&#8221;.vc_custom_1561493994623{margin-bottom: 40px !important;}&#8221;][vc_column_inner css=&#8221;.vc_custom_1548366890365{margin-bottom: -20px !important;}&#8221;]<div id=\"ultimate-heading-953269eb6e6e23e91\" class=\"uvc-heading ult-adjust-bottom-margin ultimate-heading-953269eb6e6e23e91 uvc-9963  uvc-heading-default-font-sizes\" data-hspacer=\"no_spacer\"  data-halign=\"center\" style=\"text-align:center\"><div class=\"uvc-heading-spacer no_spacer\" style=\"top\"><\/div><div class=\"uvc-main-heading ult-responsive\"  data-ultimate-target='.uvc-heading.ultimate-heading-953269eb6e6e23e91 h1'  data-responsive-json-new='{\"font-size\":\"\",\"line-height\":\"\"}' ><h1 style=\"font-weight:bold;color:#000000;\">Comment fonctionne le processus de rachat de bail?<\/h1><\/div><\/div>[\/vc_column_inner][\/vc_row_inner][\/vc_column][vc_column width=&#8221;2\/3&#8243; el_id=&#8221;theProcessColumn&#8221;][vc_column_text]<\/p>\n<p class=\"justify\">Le processus de rachat de bail par APW Belgium est tr\u00e8s simple. A chaque \u00e9tape nous nous axons enti\u00e8rement sur les attentes et besoins de nos clients.<\/p>\n<h2 style=\"color: #1c75bb;\">Ecoute<\/h2>\n<p style=\"text-align: justify;\">Nous sommes convaincus que vos besoins sont uniques, et donc avant de vous pr\u00e9senter une offre de rachat de bail, nous prendrons le temps de comprendre ces besoins. Au cours des premi\u00e8res discussions, nous nous assurerons d\u2019informer toutes les personnes d\u00e9cisionnaires, et de vous \u00e9clairer sur l\u2019industrie de la t\u00e9l\u00e9phonie mobile ainsi que l\u2019\u00e9volution du march\u00e9 des t\u00e9l\u00e9communications.<\/p>\n<h2 style=\"color: #1c75bb;\">Analyse<\/h2>\n<p style=\"text-align: justify;\">Apr\u00e8s nous avoir fourni une copie de votre bail, nous proc\u00e9derons \u00e0 l\u2019analyse rigoureuse du langage juridique et technique de celui\u2013ci tout en tenant compte de vos objectifs. Nous vous informerons de tout risque ou tout b\u00e9n\u00e9fice cach\u00e9 qui aurait \u00e9t\u00e9 r\u00e9v\u00e9l\u00e9 par notre analyse et nous aborderons les meilleures options \u00e0 envisager pour votre cas particulier.<\/p>\n<h2 style=\"color: #1c75bb;\">Offre<\/h2>\n<p style=\"text-align: justify;\">Nous vous pr\u00e9sentons une offre en termes financiers en laquelle nous avons confiance, et l\u2019adaptons au besoin pour mieux correspondre \u00e0 vos objectifs. Il existe plusieurs fa\u00e7ons de structurer une transaction de rachat de bail et comme chaque situation est unique, nous travaillons au cas par cas.<\/p>\n<h2 style=\"color: #1c75bb;\">Processus<\/h2>\n<p style=\"text-align: justify;\">Une fois les termes propos\u00e9s accept\u00e9s, nous recueillerons et examinerons une liste de documents justificatifs afin de constituer votre dossier. Tout au long de cette \u00e9tape, nos \u00e9quipes commerciales, juridiques et administratives seront en contact direct avec vous, vous informant sur le statut du rachat de votre bail.<\/p>\n<h2 style=\"color: #1c75bb;\">Paiement<\/h2>\n<p style=\"text-align: justify;\">Ayant l\u2019exp\u00e9rience dans le traitement de milliers de rachats de baux, nous pouvons conclure la transaction rapidement et vous transf\u00e9rer l\u2019argent par virement bancaire imm\u00e9diatement d\u00e8s la signature des actes notari\u00e9s.<\/p>\n<h2 style=\"color: #1c75bb;\">March\u00e9<\/h2>\n<p style=\"text-align: justify;\">Enfin, si nous concluons avec vous une transaction de commercialisation et de gestion de votre site antenne relais, nous maintiendrons une relation continue qui vous sera b\u00e9n\u00e9fique tout au long de la dur\u00e9e du bail.<\/p>\n<p>[\/vc_column_text][\/vc_column][vc_column width=&#8221;1\/3&#8243; css=&#8221;.vc_custom_1571958998970{margin-top: 60px !important;padding-bottom: 65px !important;background-color: #ffffff !important;border-radius: 5px !important;}&#8221; el_id=&#8221;leaseBuyoutSidebar&#8221;][vc_single_image image=&#8221;6595&#8243; alignment=&#8221;center&#8221; css=&#8221;.vc_custom_1575487967549{margin-top: -35px !important;}&#8221;][vc_column_text]<\/p>\n<p style=\"text-align: center; font-size: 16px;\"><strong>Recevez-vous actuellement un loyer pour l\u2019h\u00e9bergement d\u2019un site d\u2019antennes GSM?<\/strong><\/p>\n<p>[\/vc_column_text][vc_single_image image=&#8221;6586&#8243; alignment=&#8221;center&#8221;][vc_column_text]<\/p>\n<p style=\"text-align: center; font-size: 16px;\"><strong>Appelez APW Belgium pour connaitre la valeur de votre bail de site t\u00e9l\u00e9com.<\/strong><\/p>\n<p>[\/vc_column_text][vc_single_image image=&#8221;7613&#8243; alignment=&#8221;center&#8221;][vc_column_text]<\/p>\n<p style=\"text-align: center; font-size: 16px;\"><strong>Convertissez la valeur de votre bail t\u00e9l\u00e9com.<\/strong><\/p>\n<p>[\/vc_column_text][\/vc_column][\/vc_row]<\/p>\n<\/div>","protected":false},"excerpt":{"rendered":"<p>[vc_row css=&#8221;.vc_custom_1540399030011{background-color: #ffffff !important;}&#8221;][vc_column css=&#8221;.vc_custom_1547235127203{margin-top: -40px !important;}&#8221;][vc_row_inner css=&#8221;.vc_custom_1561493994623{margin-bottom: 40px !important;}&#8221;][vc_column_inner css=&#8221;.vc_custom_1548366890365{margin-bottom: -20px !important;}&#8221;][\/vc_column_inner][\/vc_row_inner][\/vc_column][vc_column width=&#8221;2\/3&#8243; el_id=&#8221;theProcessColumn&#8221;][vc_column_text] Le processus de rachat de bail par APW Belgium est tr\u00e8s simple. A chaque \u00e9tape nous nous axons enti\u00e8rement sur les attentes et besoins de nos clients. Ecoute Nous sommes convaincus que vos besoins sont uniques, et donc avant de&hellip;<\/p>\n","protected":false},"author":1,"featured_media":0,"parent":0,"menu_order":0,"comment_status":"closed","ping_status":"closed","template":"","meta":{"_acf_changed":false,"inline_featured_image":false,"footnotes":""},"class_list":["post-2152","page","type-page","status-publish","hentry","description-off"],"acf":[],"aioseo_notices":[],"_links":{"self":[{"href":"https:\/\/www.apwbelgium.be\/fr\/wp-json\/wp\/v2\/pages\/2152","targetHints":{"allow":["GET"]}}],"collection":[{"href":"https:\/\/www.apwbelgium.be\/fr\/wp-json\/wp\/v2\/pages"}],"about":[{"href":"https:\/\/www.apwbelgium.be\/fr\/wp-json\/wp\/v2\/types\/page"}],"author":[{"embeddable":true,"href":"https:\/\/www.apwbelgium.be\/fr\/wp-json\/wp\/v2\/users\/1"}],"replies":[{"embeddable":true,"href":"https:\/\/www.apwbelgium.be\/fr\/wp-json\/wp\/v2\/comments?post=2152"}],"version-history":[{"count":79,"href":"https:\/\/www.apwbelgium.be\/fr\/wp-json\/wp\/v2\/pages\/2152\/revisions"}],"predecessor-version":[{"id":9391,"href":"https:\/\/www.apwbelgium.be\/fr\/wp-json\/wp\/v2\/pages\/2152\/revisions\/9391"}],"wp:attachment":[{"href":"https:\/\/www.apwbelgium.be\/fr\/wp-json\/wp\/v2\/media?parent=2152"}],"curies":[{"name":"wp","href":"https:\/\/api.w.org\/{rel}","templated":true}]}}