{"id":6387,"date":"2019-08-14T21:23:25","date_gmt":"2019-08-14T21:23:25","guid":{"rendered":"http:\/\/iisstage01\/dev2.apwus.com\/?page_id=6387"},"modified":"2022-10-24T21:27:04","modified_gmt":"2022-10-24T21:27:04","slug":"ressources","status":"publish","type":"page","link":"https:\/\/www.apwbelgium.be\/fr\/ressources\/","title":{"rendered":"Ressources"},"content":{"rendered":"<div class=\"wpb-content-wrapper\"><p>[vc_row][vc_column][vc_row_inner][vc_column_inner css=&#8221;.vc_custom_1565817981518{margin-bottom: 20px !important;}&#8221;]<div id=\"ultimate-heading-321269f4fa402dc9c\" class=\"uvc-heading ult-adjust-bottom-margin ultimate-heading-321269f4fa402dc9c uvc-2000  uvc-heading-default-font-sizes\" data-hspacer=\"no_spacer\"  data-halign=\"center\" style=\"text-align:center\"><div class=\"uvc-heading-spacer no_spacer\" style=\"top\"><\/div><div class=\"uvc-main-heading ult-responsive\"  data-ultimate-target='.uvc-heading.ultimate-heading-321269f4fa402dc9c h1'  data-responsive-json-new='{\"font-size\":\"\",\"line-height\":\"\"}' ><h1 style=\"font-weight:bold;color:#000000;\">Ressources<\/h1><\/div><\/div>[\/vc_column_inner][\/vc_row_inner][\/vc_column][\/vc_row][vc_row][vc_column][vc_row_inner][vc_column_inner][vc_column_text]<\/p>\n<div class=\"justify\">\n<p>Pour de nombreux propri\u00e9taires fonciers, l\u2019industrie de la t\u00e9l\u00e9phonie mobile semble avoir son propre vocabulaire. Voici quelques termes cl\u00e9s avec lesquels vous \u00eates probablement familiers:<\/p>\n<h3 style=\"color: #1c75bb;\">Site d\u2019Antennes GSM<\/h3>\n<p style=\"text-align: justify;\">Lieu sur lequel un op\u00e9rateur de t\u00e9l\u00e9phonie mobile a install\u00e9 des antennes et du mat\u00e9riel de t\u00e9l\u00e9communications sur un pyl\u00f4ne ou une toiture afin exploiter un r\u00e9seau de t\u00e9l\u00e9phonie mobile.<\/p>\n<h3 style=\"color: #1c75bb;\">Contrat de location\/Bail t\u00e9l\u00e9com<\/h3>\n<p style=\"text-align: justify;\">Contrat entre un op\u00e9rateur mobile et le propri\u00e9taire foncier, sp\u00e9cifiant les conditions financi\u00e8res et d\u2019exploitation selon lesquelles un site antennes relais peut \u00eatre exploit\u00e9.<\/p>\n<h3 style=\"color: #1c75bb;\">Loyer de co-location<\/h3>\n<p style=\"text-align: justify;\">Loyer additionnel pay\u00e9 au propri\u00e9taire foncier par un op\u00e9rateur de t\u00e9l\u00e9phonie mobile pour placer ses antennes et\/ou ses \u00e9quipements de communication sur un pyl\u00f4ne appartenant \u00e0 un autre op\u00e9rateur ou \u00e0 une autre soci\u00e9t\u00e9 sp\u00e9cialis\u00e9e dans l\u2019h\u00e9bergement des r\u00e9seaux de t\u00e9l\u00e9communication.<\/p>\n<h3 style=\"color: #1c75bb;\">Indexation<\/h3>\n<p style=\"text-align: justify;\">Conditions du contrat de location qui sp\u00e9cifient la date et le montant de l\u2019augmentation du loyer pay\u00e9 par l\u2019op\u00e9rateur mobile, g\u00e9n\u00e9ralement d\u00e9finies par un pourcentage du loyer \u00e0 intervalles fixes.<\/p>\n<h3 style=\"color: #1c75bb;\">Droit de pr\u00e9emption<\/h3>\n<p style=\"text-align: justify;\">Droit dans le contrat autorisant l\u2019op\u00e9rateur de t\u00e9l\u00e9phonie mobile \u00e0 r\u00e9pondre \u00e0 une offre de rachat de bail d\u00e9pos\u00e9e par un tiers.<\/p>\n<h3 style=\"color: #1c75bb;\">Servitude<\/h3>\n<p style=\"text-align: justify;\">Un droit de propri\u00e9t\u00e9 accord\u00e9 \u00e0 un tiers d\u2019 utiliser les biens de quelqu\u2019un d\u2019autre dans un but pr\u00e9cis, par exemple un chemin d\u2019acc\u00e8s ou une partie de terrain ou de toiture pour y installer des \u00e9quipements de t\u00e9l\u00e9communication.<\/p>\n<\/div>\n<p>[\/vc_column_text][\/vc_column_inner][\/vc_row_inner][\/vc_column][\/vc_row][vc_row][vc_column][vc_column_text]<\/p>\n<p>[\/vc_column_text][\/vc_column][\/vc_row]<\/p>\n<\/div>","protected":false},"excerpt":{"rendered":"<p>[vc_row][vc_column][vc_row_inner][vc_column_inner css=&#8221;.vc_custom_1565817981518{margin-bottom: 20px !important;}&#8221;][\/vc_column_inner][\/vc_row_inner][\/vc_column][\/vc_row][vc_row][vc_column][vc_row_inner][vc_column_inner][vc_column_text] Pour de nombreux propri\u00e9taires fonciers, l\u2019industrie de la t\u00e9l\u00e9phonie mobile semble avoir son propre vocabulaire. Voici quelques termes cl\u00e9s avec lesquels vous \u00eates probablement familiers: Site d\u2019Antennes GSM Lieu sur lequel un op\u00e9rateur de t\u00e9l\u00e9phonie mobile a install\u00e9 des antennes et du mat\u00e9riel de t\u00e9l\u00e9communications sur un pyl\u00f4ne ou une toiture&hellip;<\/p>\n","protected":false},"author":1,"featured_media":0,"parent":0,"menu_order":0,"comment_status":"closed","ping_status":"closed","template":"","meta":{"_acf_changed":false,"inline_featured_image":false,"footnotes":""},"class_list":["post-6387","page","type-page","status-publish","hentry","description-off"],"acf":[],"aioseo_notices":[],"_links":{"self":[{"href":"https:\/\/www.apwbelgium.be\/fr\/wp-json\/wp\/v2\/pages\/6387","targetHints":{"allow":["GET"]}}],"collection":[{"href":"https:\/\/www.apwbelgium.be\/fr\/wp-json\/wp\/v2\/pages"}],"about":[{"href":"https:\/\/www.apwbelgium.be\/fr\/wp-json\/wp\/v2\/types\/page"}],"author":[{"embeddable":true,"href":"https:\/\/www.apwbelgium.be\/fr\/wp-json\/wp\/v2\/users\/1"}],"replies":[{"embeddable":true,"href":"https:\/\/www.apwbelgium.be\/fr\/wp-json\/wp\/v2\/comments?post=6387"}],"version-history":[{"count":20,"href":"https:\/\/www.apwbelgium.be\/fr\/wp-json\/wp\/v2\/pages\/6387\/revisions"}],"predecessor-version":[{"id":9405,"href":"https:\/\/www.apwbelgium.be\/fr\/wp-json\/wp\/v2\/pages\/6387\/revisions\/9405"}],"wp:attachment":[{"href":"https:\/\/www.apwbelgium.be\/fr\/wp-json\/wp\/v2\/media?parent=6387"}],"curies":[{"name":"wp","href":"https:\/\/api.w.org\/{rel}","templated":true}]}}