{"id":7455,"date":"2019-11-12T20:08:42","date_gmt":"2019-11-12T20:08:42","guid":{"rendered":"http:\/\/iisstage01\/dev2.apwus.com\/?page_id=7455"},"modified":"2022-10-24T21:14:24","modified_gmt":"2022-10-24T21:14:24","slug":"securisez-vos-revenus-en-tant-que-proprietaire-de-site-dantennes-gsm","status":"publish","type":"page","link":"https:\/\/www.apwbelgium.be\/fr\/securisez-vos-revenus-en-tant-que-proprietaire-de-site-dantennes-gsm\/","title":{"rendered":"S\u00e9curisez vos revenus en tant que propri\u00e9taire de site d\u2019antennes GSM"},"content":{"rendered":"<div class=\"wpb-content-wrapper\"><p>[vc_row css=&#8221;.vc_custom_1540399030011{background-color: #ffffff !important;}&#8221;][vc_column css=&#8221;.vc_custom_1547235127203{margin-top: -40px !important;}&#8221;][vc_row_inner css=&#8221;.vc_custom_1561493994623{margin-bottom: 40px !important;}&#8221;][vc_column_inner css=&#8221;.vc_custom_1548366890365{margin-bottom: -20px !important;}&#8221;]<div id=\"ultimate-heading-275369f324ed89e44\" class=\"uvc-heading ult-adjust-bottom-margin ultimate-heading-275369f324ed89e44 uvc-6472  uvc-heading-default-font-sizes\" data-hspacer=\"no_spacer\"  data-halign=\"center\" style=\"text-align:center\"><div class=\"uvc-heading-spacer no_spacer\" style=\"top\"><\/div><div class=\"uvc-main-heading ult-responsive\"  data-ultimate-target='.uvc-heading.ultimate-heading-275369f324ed89e44 h1'  data-responsive-json-new='{\"font-size\":\"\",\"line-height\":\"\"}' ><h1 style=\"font-weight:bold;color:#000000;\">S\u00e9curisez vos revenus en tant que propri\u00e9taire de site d\u2019antennes GSM<\/h1><\/div><\/div>[\/vc_column_inner][\/vc_row_inner][\/vc_column][\/vc_row][vc_row el_id=&#8221;wideDisplay&#8221;][vc_column width=&#8221;1\/3&#8243;][vc_single_image image=&#8221;7958&#8243; alignment=&#8221;center&#8221; css_animation=&#8221;none&#8221;][\/vc_column][vc_column width=&#8221;1\/3&#8243;][vc_single_image image=&#8221;7960&#8243; alignment=&#8221;center&#8221; css_animation=&#8221;none&#8221;][\/vc_column][vc_column width=&#8221;1\/3&#8243;][vc_single_image image=&#8221;7959&#8243; alignment=&#8221;center&#8221; css_animation=&#8221;none&#8221;][\/vc_column][\/vc_row][vc_row][vc_column][vc_column_text]<\/p>\n<div id=\"secureTest\" style=\"margin-left: 40px; margin-right: 29px;\">\n<ul class=\"justify\" style=\"list-style-image: url('\/fr\/wp-content\/uploads\/2019\/11\/greenTriangle_15px.png');\">\n<li>Contrairement aux id\u00e9es re\u00e7ues, un bail t\u00e9l\u00e9com ne constitue pas une source durable de revenus. En effet, vos revenus locatifs ne sont pas garantis. Les op\u00e9rateurs de t\u00e9l\u00e9phonie mobile se r\u00e9servent le droit de r\u00e9silier votre bail \u00e0 tout moment et pour quelque raison que ce soit. Ces conditions flexibles n\u00e9goci\u00e9es par les op\u00e9rateurs leur permettent de demeurer comp\u00e9titifs notamment lorsqu\u2019il leur faut faire face \u00e0 l\u2019augmentation constante de la demande de donn\u00e9es li\u00e9e aux innovations technologiques.<\/li>\n<\/ul>\n<p><img loading=\"lazy\" decoding=\"async\" id=\"mobileDisplay\" class=\"aligncenter size-full wp-image-7958\" src=\"\/fr\/wp-content\/uploads\/2019\/12\/Icons-03-1.png\" alt=\"\" width=\"200\" height=\"204\" \/><\/p>\n<ul class=\"justify\" style=\"list-style-image: url('\/fr\/wp-content\/uploads\/2019\/11\/greenTriangle_15px.png');\">\n<li>Etant donn\u00e9 que les op\u00e9rateurs de t\u00e9l\u00e9phonie mobile recherchent par tous les moyens possibles \u00e0 r\u00e9duire leurs charges d\u2019exploitation et \u00e0 gagner des parts de march\u00e9 dans une industrie de plus en plus exigeante, les fusions et partenariats entre op\u00e9rateurs deviennent monnaie courante. Lorsqu\u2019un rapprochement entre op\u00e9rateurs se produit, les propri\u00e9taires de sites redondants risquent fortement de recevoir une lettre de r\u00e9siliation. Il faut comprendre par-l\u00e0 que si l\u2019augmentation de la demande de donn\u00e9es semble signifier une meilleure s\u00e9curit\u00e9 pour votre site, ce n\u2019est pas toujours le cas.<\/li>\n<\/ul>\n<p><img loading=\"lazy\" decoding=\"async\" id=\"mobileDisplay\" class=\"aligncenter size-full wp-image-7960\" src=\"\/fr\/wp-content\/uploads\/2019\/12\/HM-5.png\" alt=\"\" width=\"200\" height=\"210\" \/><\/p>\n<ul id=\"triangleIcon\" class=\"justify\" style=\"list-style-image: url('\/fr\/wp-content\/uploads\/2019\/11\/greenTriangle_15px.png');\">\n<li>La conception et l\u2019emplacement d\u2019un r\u00e9seau de t\u00e9l\u00e9phonie mobile est complexe et \u00e9volue constamment afin de permettre une utilisation optimale. Les nouvelles technologies permettent de transmettre plus de donn\u00e9es sur de plus longues distances, mena\u00e7ant de ce fait de remplacer les antennes GSM traditionnelles. C\u2019est pourquoi moins de sites sont n\u00e9cessaires pour couvrir la demande. Ainsi, m\u00eame s\u2019il est vrai que de nouveaux sites sont construits pour g\u00e9rer l\u2019augmentation du trafic, des sites existants qui ne correspondent plus au plan du r\u00e9seau sont \u00e9galement mis hors service.<\/li>\n<\/ul>\n<p><img loading=\"lazy\" decoding=\"async\" id=\"mobileDisplay\" class=\"aligncenter size-full wp-image-7959\" src=\"\/fr\/wp-content\/uploads\/2019\/12\/HM5.png\" alt=\"\" width=\"200\" height=\"209\" \/><\/p>\n<ul class=\"justify\" style=\"list-style-image: url('\/fr\/wp-content\/uploads\/2019\/11\/greenTriangle_15px.png');\">\n<li>M\u00eame pour les ing\u00e9nieurs qui con\u00e7oivent le r\u00e9seau, il est pratiquement impossible de pr\u00e9dire quels sites seront mis hors service. Il en est de m\u00eame pour APW Belgium. En effet, m\u00eame si nous sommes experts en t\u00e9l\u00e9communications et produisons une importante quantit\u00e9 de recherches pour d\u00e9terminer les perspectives \u00e0 long\u2013terme de chaque bail que nous achetons, nous perdons plusieurs sites chaque ann\u00e9e.<\/li>\n<\/ul>\n<\/div>\n<p>[\/vc_column_text][\/vc_column][\/vc_row][vc_row][vc_column]<div class=\"shortcode-banner\" style=\"min-height: 150px\"><div class=\"shortcode-banner-bg wf-table\" style=\"padding: 10px;min-height: 150px\"><div class=\"shortcode-banner-inside wf-table text-normal\" style=\"background-color: rgb(145,165,164);background-color: rgba(145,165,164,0.14);border: solid 10px transparent;outline: solid 3px;outline-color: #ffffff;height: 140px\"><div><h2 style=\"text-align: center; font-weight: bold;\">Si le secteur de la t\u00e9l\u00e9phonie mobile est si impr\u00e9visible, pourquoi vouloir racheter le bail associ\u00e9 \u00e0 votre site d\u2019antennes GSM?<\/h2>\n<\/div><\/div><\/div><\/div>[\/vc_column][\/vc_row][vc_row][vc_column width=&#8221;1\/2&#8243; el_id=&#8221;secureAnt1&#8243;][vc_single_image image=&#8221;8342&#8243; img_size=&#8221;full&#8221; alignment=&#8221;center&#8221;][vc_column_text]<\/p>\n<h4 style=\"text-align: center;\">Votre risque<\/h4>\n<p>[\/vc_column_text][\/vc_column][vc_column width=&#8221;1\/2&#8243; el_id=&#8221;secureAnt2&#8243;][vc_single_image image=&#8221;8352&#8243; img_size=&#8221;full&#8221; alignment=&#8221;center&#8221;][vc_column_text]<\/p>\n<h4 style=\"text-align: center;\">APW Belgium<\/h4>\n<p>[\/vc_column_text][\/vc_column][\/vc_row][vc_row][vc_column][vc_column_text]<\/p>\n<div id=\"secureTest\" style=\"margin-left: 40px; margin-right: 29px;\">\n<p class=\"justify\">En investissant massivement dans le rachat de baux t\u00e9l\u00e9com et en constituant ainsi un large portefeuille, APW Belgium est en mesure de r\u00e9partir les risques de r\u00e9siliation sur l\u2019ensemble de son portefeuille. M\u00eame si les r\u00e9siliations de baux d\u2019antennes GSM sont malheureusement in\u00e9vitables, nous sommes en mesure de compenser nos pertes gr\u00e2ce aux nombreux sites que nous avons su faire fructifier. En tant que propri\u00e9taire d\u2019un seul site ou d\u2019un petit nombre de sites, vous ne b\u00e9n\u00e9ficiez pas de cette s\u00e9curit\u00e9. Il s\u2019agit l\u00e0 de la diff\u00e9rence entre un risque de portefeuille et un risque binaire que l\u2019on d\u00e9crirait de mani\u00e8re plus imag\u00e9e comme un \u00ab tout ou rien \u00bb.<\/p>\n<\/div>\n<p>[\/vc_column_text][\/vc_column][\/vc_row]<\/p>\n<\/div>","protected":false},"excerpt":{"rendered":"<p>[vc_row css=&#8221;.vc_custom_1540399030011{background-color: #ffffff !important;}&#8221;][vc_column css=&#8221;.vc_custom_1547235127203{margin-top: -40px !important;}&#8221;][vc_row_inner css=&#8221;.vc_custom_1561493994623{margin-bottom: 40px !important;}&#8221;][vc_column_inner css=&#8221;.vc_custom_1548366890365{margin-bottom: -20px !important;}&#8221;][\/vc_column_inner][\/vc_row_inner][\/vc_column][\/vc_row][vc_row el_id=&#8221;wideDisplay&#8221;][vc_column width=&#8221;1\/3&#8243;][vc_single_image image=&#8221;7958&#8243; alignment=&#8221;center&#8221; css_animation=&#8221;none&#8221;][\/vc_column][vc_column width=&#8221;1\/3&#8243;][vc_single_image image=&#8221;7960&#8243; alignment=&#8221;center&#8221; css_animation=&#8221;none&#8221;][\/vc_column][vc_column width=&#8221;1\/3&#8243;][vc_single_image image=&#8221;7959&#8243; alignment=&#8221;center&#8221; css_animation=&#8221;none&#8221;][\/vc_column][\/vc_row][vc_row][vc_column][vc_column_text] Contrairement aux id\u00e9es re\u00e7ues, un bail t\u00e9l\u00e9com ne constitue pas une source durable de revenus. En effet, vos revenus locatifs ne sont pas garantis. Les op\u00e9rateurs de t\u00e9l\u00e9phonie mobile&hellip;<\/p>\n","protected":false},"author":1,"featured_media":0,"parent":0,"menu_order":0,"comment_status":"closed","ping_status":"closed","template":"","meta":{"_acf_changed":false,"inline_featured_image":false,"footnotes":""},"class_list":["post-7455","page","type-page","status-publish","hentry","description-off"],"acf":[],"aioseo_notices":[],"_links":{"self":[{"href":"https:\/\/www.apwbelgium.be\/fr\/wp-json\/wp\/v2\/pages\/7455","targetHints":{"allow":["GET"]}}],"collection":[{"href":"https:\/\/www.apwbelgium.be\/fr\/wp-json\/wp\/v2\/pages"}],"about":[{"href":"https:\/\/www.apwbelgium.be\/fr\/wp-json\/wp\/v2\/types\/page"}],"author":[{"embeddable":true,"href":"https:\/\/www.apwbelgium.be\/fr\/wp-json\/wp\/v2\/users\/1"}],"replies":[{"embeddable":true,"href":"https:\/\/www.apwbelgium.be\/fr\/wp-json\/wp\/v2\/comments?post=7455"}],"version-history":[{"count":75,"href":"https:\/\/www.apwbelgium.be\/fr\/wp-json\/wp\/v2\/pages\/7455\/revisions"}],"predecessor-version":[{"id":8350,"href":"https:\/\/www.apwbelgium.be\/fr\/wp-json\/wp\/v2\/pages\/7455\/revisions\/8350"}],"wp:attachment":[{"href":"https:\/\/www.apwbelgium.be\/fr\/wp-json\/wp\/v2\/media?parent=7455"}],"curies":[{"name":"wp","href":"https:\/\/api.w.org\/{rel}","templated":true}]}}