{"id":7475,"date":"2019-11-14T18:32:13","date_gmt":"2019-11-14T18:32:13","guid":{"rendered":"http:\/\/iisstage01\/dev2.apwus.com\/?page_id=7475"},"modified":"2022-10-24T21:15:08","modified_gmt":"2022-10-24T21:15:08","slug":"prenez-le-controle-au-travers-dun-rachat-de-bail","status":"publish","type":"page","link":"https:\/\/www.apwbelgium.be\/fr\/prenez-le-controle-au-travers-dun-rachat-de-bail\/","title":{"rendered":"Prenez le contr\u00f4le au travers d\u2019un rachat de bail"},"content":{"rendered":"<div class=\"wpb-content-wrapper\"><p>[vc_row css=&#8221;.vc_custom_1540399030011{background-color: #ffffff !important;}&#8221;][vc_column css=&#8221;.vc_custom_1547235127203{margin-top: -40px !important;}&#8221;][vc_row_inner css=&#8221;.vc_custom_1574803177289{margin-bottom: 20px !important;}&#8221;][vc_column_inner]<div id=\"ultimate-heading-145469ff14cbd08d5\" class=\"uvc-heading ult-adjust-bottom-margin ultimate-heading-145469ff14cbd08d5 uvc-4958  uvc-heading-default-font-sizes\" data-hspacer=\"no_spacer\"  data-halign=\"center\" style=\"text-align:center\"><div class=\"uvc-heading-spacer no_spacer\" style=\"top\"><\/div><div class=\"uvc-main-heading ult-responsive\"  data-ultimate-target='.uvc-heading.ultimate-heading-145469ff14cbd08d5 h1'  data-responsive-json-new='{\"font-size\":\"\",\"line-height\":\"\"}' ><h1 style=\"font-weight:bold;color:#000000;\">Prenez le contr\u00f4le au travers d\u2019un rachat de bail<\/h1><\/div><\/div>[\/vc_column_inner][\/vc_row_inner][vc_row_inner css=&#8221;.vc_custom_1561493994623{margin-bottom: 40px !important;}&#8221;][vc_column_inner width=&#8221;1\/4&#8243; css=&#8221;.vc_custom_1574803256354{margin-top: 15px !important;margin-bottom: -20px !important;}&#8221;][vc_single_image image=&#8221;9187&#8243; img_size=&#8221;full&#8221; alignment=&#8221;center&#8221; el_id=&#8221;gainControlSideMobile&#8221;][vc_single_image image=&#8221;9188&#8243; img_size=&#8221;full&#8221; alignment=&#8221;center&#8221; el_id=&#8221;gainControlSideWide&#8221;][\/vc_column_inner][vc_column_inner width=&#8221;3\/4&#8243;]<div class=\"shortcode-banner\" style=\"min-height: 150px\"><div class=\"shortcode-banner-bg wf-table\" style=\"padding: 10px;min-height: 150px\"><div class=\"shortcode-banner-inside wf-table text-big\" style=\"background-color: rgb(0,0,0);background-color: rgba(0,0,0,0.05);border: solid 10px transparent;outline: solid 3px;outline-color: #ffffff;height: 140px\"><div><p class=\"justify\">En tant que propri\u00e9taire d\u2019un site d\u2019antennes GSM, votre propri\u00e9t\u00e9 est un atout. Vous devriez donc avoir le droit de profiter des avantages et b\u00e9n\u00e9fices g\u00e9n\u00e9r\u00e9s par votre terrain, y compris les loyers futurs associ\u00e9s \u00e0 votre bail t\u00e9l\u00e9com. Il n\u2019y a aucune raison pour laquelle vous devriez laisser votre locataire contr\u00f4ler votre argent, dictant combien, pendant combien de temps et en combien de fois vous devriez \u00eatre pay\u00e9.<\/p>\n<\/div><\/div><\/div><\/div><div class=\"shortcode-banner\" style=\"min-height: 150px\"><div class=\"shortcode-banner-bg wf-table\" style=\"padding: 10px;min-height: 150px\"><div class=\"shortcode-banner-inside wf-table text-big\" style=\"background-color: rgb(0,0,0);background-color: rgba(0,0,0,0.05);border: solid 10px transparent;outline: solid 3px;outline-color: #ffffff;height: 140px\"><div><p class=\"justify\">En effet, m\u00eame si les op\u00e9rateurs de t\u00e9l\u00e9phonie mobile ne font pas mention du rachat anticip\u00e9 de bail comme une alternative int\u00e9ressante pour les propri\u00e9taires de sites d\u2019antennes GSM, ils sont devenus universellement reconnus et accept\u00e9s par les op\u00e9rateurs des diff\u00e9rents pays o\u00f9 nous sommes pr\u00e9sents. Il s\u2019agit simplement d\u2019une sorte de transaction diff\u00e9rente de celles que vous avez pu rencontrer dans le pass\u00e9.<\/p>\n<\/div><\/div><\/div><\/div><div class=\"shortcode-banner\" style=\"min-height: 150px\"><div class=\"shortcode-banner-bg wf-table\" style=\"padding: 10px;min-height: 150px\"><div class=\"shortcode-banner-inside wf-table text-big\" style=\"background-color: rgb(0,0,0);background-color: rgba(0,0,0,0.05);border: solid 10px transparent;outline: solid 3px;outline-color: #ffffff;height: 140px\"><div><p class=\"justify\">En optant pour le rachat de votre bail, vous reprenez le contr\u00f4le. De plus, si jamais vous vendez votre propri\u00e9t\u00e9, vous aurez la possibilit\u00e9 de rester l\u2019unique b\u00e9n\u00e9ficiaire des futurs loyers associ\u00e9s au site de t\u00e9l\u00e9communication mobile au lieu d\u2019\u00eatre contraint, faute de mieux, de les c\u00e9der \u00e0 votre acqu\u00e9reur. Autrement dit, vous avez la libert\u00e9 de choisir quand et comment vous utilisez votre argent pour mieux r\u00e9pondre \u00e0 vos objectifs personnels et financiers.<\/p>\n<\/div><\/div><\/div><\/div>[\/vc_column_inner][\/vc_row_inner][\/vc_column][\/vc_row][vc_row disable_element=&#8221;yes&#8221;][vc_column width=&#8221;1\/6&#8243;][vc_progress_bar values=&#8221;%5B%7B%22label%22%3A%22Pay%20Off%20Debt%22%2C%22value%22%3A%2215%22%2C%22color%22%3A%22custom%22%2C%22customcolor%22%3A%22%2391a5a4%22%7D%2C%7B%22label%22%3A%22Invest%20In%20The%20Market%22%2C%22value%22%3A%2210%22%2C%22color%22%3A%22custom%22%2C%22customcolor%22%3A%22%2380b7f2%22%7D%5D&#8221; options=&#8221;animated&#8221; caption_pos=&#8221;top&#8221;][vc_empty_space][vc_progress_bar values=&#8221;%5B%7B%22label%22%3A%22Re-Invest%20In%20Your%20Business%22%2C%22value%22%3A%2225%22%2C%22color%22%3A%22custom%22%2C%22customcolor%22%3A%22%231c75bb%22%7D%2C%7B%22label%22%3A%22Upgrade%2FRepairs%22%2C%22value%22%3A%2212%22%2C%22color%22%3A%22custom%22%2C%22customcolor%22%3A%22%23a7af00%22%7D%5D&#8221; options=&#8221;animated&#8221; caption_pos=&#8221;top&#8221;][\/vc_column][vc_column width=&#8221;1\/6&#8243;][vc_progress_bar values=&#8221;%5B%7B%22label%22%3A%22Retirement%20Fund%22%2C%22value%22%3A%2228%22%2C%22color%22%3A%22custom%22%2C%22customcolor%22%3A%22%23131f6b%22%7D%2C%7B%22label%22%3A%22Other%22%2C%22value%22%3A%2233%22%2C%22color%22%3A%22custom%22%2C%22customcolor%22%3A%22%23000000%22%7D%5D&#8221; options=&#8221;animated&#8221; caption_pos=&#8221;top&#8221;][vc_empty_space][vc_progress_bar values=&#8221;%5B%7B%22label%22%3A%22Invest%20In%20Real%20Estate%22%2C%22value%22%3A%2218%22%2C%22color%22%3A%22custom%22%2C%22customcolor%22%3A%22%23009877%22%7D%2C%7B%22label%22%3A%22Start%20A%20College%20Fund%22%2C%22value%22%3A%2213%22%2C%22color%22%3A%22custom%22%2C%22customcolor%22%3A%22%235d5d5d%22%7D%5D&#8221; options=&#8221;animated&#8221; caption_pos=&#8221;top&#8221;][\/vc_column][vc_column width=&#8221;4\/6&#8243;][vc_column_text]<\/p>\n<p style=\"text-align: center;\">[visualizer id=&#8221;4651&#8243;]<\/p>\n<p>[\/vc_column_text][\/vc_column][\/vc_row]<\/p>\n<\/div>","protected":false},"excerpt":{"rendered":"<p>[vc_row css=&#8221;.vc_custom_1540399030011{background-color: #ffffff !important;}&#8221;][vc_column css=&#8221;.vc_custom_1547235127203{margin-top: -40px !important;}&#8221;][vc_row_inner css=&#8221;.vc_custom_1574803177289{margin-bottom: 20px !important;}&#8221;][vc_column_inner][\/vc_column_inner][\/vc_row_inner][vc_row_inner css=&#8221;.vc_custom_1561493994623{margin-bottom: 40px !important;}&#8221;][vc_column_inner width=&#8221;1\/4&#8243; css=&#8221;.vc_custom_1574803256354{margin-top: 15px !important;margin-bottom: -20px !important;}&#8221;][vc_single_image image=&#8221;9187&#8243; img_size=&#8221;full&#8221; alignment=&#8221;center&#8221; el_id=&#8221;gainControlSideMobile&#8221;][vc_single_image image=&#8221;9188&#8243; img_size=&#8221;full&#8221; alignment=&#8221;center&#8221; el_id=&#8221;gainControlSideWide&#8221;][\/vc_column_inner][vc_column_inner width=&#8221;3\/4&#8243;][\/vc_column_inner][\/vc_row_inner][\/vc_column][\/vc_row][vc_row disable_element=&#8221;yes&#8221;][vc_column width=&#8221;1\/6&#8243;][vc_progress_bar values=&#8221;%5B%7B%22label%22%3A%22Pay%20Off%20Debt%22%2C%22value%22%3A%2215%22%2C%22color%22%3A%22custom%22%2C%22customcolor%22%3A%22%2391a5a4%22%7D%2C%7B%22label%22%3A%22Invest%20In%20The%20Market%22%2C%22value%22%3A%2210%22%2C%22color%22%3A%22custom%22%2C%22customcolor%22%3A%22%2380b7f2%22%7D%5D&#8221; options=&#8221;animated&#8221; caption_pos=&#8221;top&#8221;][vc_empty_space][vc_progress_bar values=&#8221;%5B%7B%22label%22%3A%22Re-Invest%20In%20Your%20Business%22%2C%22value%22%3A%2225%22%2C%22color%22%3A%22custom%22%2C%22customcolor%22%3A%22%231c75bb%22%7D%2C%7B%22label%22%3A%22Upgrade%2FRepairs%22%2C%22value%22%3A%2212%22%2C%22color%22%3A%22custom%22%2C%22customcolor%22%3A%22%23a7af00%22%7D%5D&#8221; options=&#8221;animated&#8221; caption_pos=&#8221;top&#8221;][\/vc_column][vc_column width=&#8221;1\/6&#8243;][vc_progress_bar values=&#8221;%5B%7B%22label%22%3A%22Retirement%20Fund%22%2C%22value%22%3A%2228%22%2C%22color%22%3A%22custom%22%2C%22customcolor%22%3A%22%23131f6b%22%7D%2C%7B%22label%22%3A%22Other%22%2C%22value%22%3A%2233%22%2C%22color%22%3A%22custom%22%2C%22customcolor%22%3A%22%23000000%22%7D%5D&#8221; options=&#8221;animated&#8221; caption_pos=&#8221;top&#8221;][vc_empty_space][vc_progress_bar values=&#8221;%5B%7B%22label%22%3A%22Invest%20In%20Real%20Estate%22%2C%22value%22%3A%2218%22%2C%22color%22%3A%22custom%22%2C%22customcolor%22%3A%22%23009877%22%7D%2C%7B%22label%22%3A%22Start%20A%20College%20Fund%22%2C%22value%22%3A%2213%22%2C%22color%22%3A%22custom%22%2C%22customcolor%22%3A%22%235d5d5d%22%7D%5D&#8221; options=&#8221;animated&#8221; caption_pos=&#8221;top&#8221;][\/vc_column][vc_column width=&#8221;4\/6&#8243;][vc_column_text] [visualizer id=&#8221;4651&#8243;] [\/vc_column_text][\/vc_column][\/vc_row]<\/p>\n","protected":false},"author":1,"featured_media":0,"parent":0,"menu_order":0,"comment_status":"closed","ping_status":"closed","template":"","meta":{"_acf_changed":false,"inline_featured_image":false,"footnotes":""},"class_list":["post-7475","page","type-page","status-publish","hentry","description-off"],"acf":[],"aioseo_notices":[],"_links":{"self":[{"href":"https:\/\/www.apwbelgium.be\/fr\/wp-json\/wp\/v2\/pages\/7475","targetHints":{"allow":["GET"]}}],"collection":[{"href":"https:\/\/www.apwbelgium.be\/fr\/wp-json\/wp\/v2\/pages"}],"about":[{"href":"https:\/\/www.apwbelgium.be\/fr\/wp-json\/wp\/v2\/types\/page"}],"author":[{"embeddable":true,"href":"https:\/\/www.apwbelgium.be\/fr\/wp-json\/wp\/v2\/users\/1"}],"replies":[{"embeddable":true,"href":"https:\/\/www.apwbelgium.be\/fr\/wp-json\/wp\/v2\/comments?post=7475"}],"version-history":[{"count":35,"href":"https:\/\/www.apwbelgium.be\/fr\/wp-json\/wp\/v2\/pages\/7475\/revisions"}],"predecessor-version":[{"id":9394,"href":"https:\/\/www.apwbelgium.be\/fr\/wp-json\/wp\/v2\/pages\/7475\/revisions\/9394"}],"wp:attachment":[{"href":"https:\/\/www.apwbelgium.be\/fr\/wp-json\/wp\/v2\/media?parent=7475"}],"curies":[{"name":"wp","href":"https:\/\/api.w.org\/{rel}","templated":true}]}}