{"id":8385,"date":"2019-12-18T21:45:47","date_gmt":"2019-12-18T21:45:47","guid":{"rendered":"http:\/\/iisstage01\/dev2.apwus.com\/?page_id=8385"},"modified":"2022-10-24T21:16:21","modified_gmt":"2022-10-24T21:16:21","slug":"temoignages","status":"publish","type":"page","link":"https:\/\/www.apwbelgium.be\/fr\/temoignages\/","title":{"rendered":"T\u00e9moignages"},"content":{"rendered":"<div class=\"wpb-content-wrapper\"><p>[vc_row][vc_column][vc_row_inner][vc_column_inner]<div id=\"ultimate-heading-989769eb6ebf9216d\" class=\"uvc-heading ult-adjust-bottom-margin ultimate-heading-989769eb6ebf9216d uvc-9182  uvc-heading-default-font-sizes\" data-hspacer=\"no_spacer\"  data-halign=\"center\" style=\"text-align:center\"><div class=\"uvc-heading-spacer no_spacer\" style=\"top\"><\/div><div class=\"uvc-main-heading ult-responsive\"  data-ultimate-target='.uvc-heading.ultimate-heading-989769eb6ebf9216d h1'  data-responsive-json-new='{\"font-size\":\"\",\"line-height\":\"\"}' ><h1 style=\"font-weight:bold;color:#000000;margin-bottom:15px;\">T\u00e9moignages<\/h1><\/div><\/div>[vc_column_text]<\/p>\n<p class=\"justify\">\u00c9tant la soci\u00e9t\u00e9 la plus reconnue et la mieux implant\u00e9e dans le monde en mati\u00e8re de rachat de bail de site d\u2019antennes GSM, APW Belgium a aid\u00e9 des milliers de propri\u00e9taires de sites comme vous, \u00e0 prendre en charge leurs baux de location. Notre \u00e9quipe de professionnels dispose du savoir-faire n\u00e9cessaire pour vous proposer une offre sur mesure, ainsi que de l\u2019expertise financi\u00e8re requise pour conclure des transactions rapidement et efficacement.<\/p>\n<p class=\"justify\">Qu\u2019il s\u2019agisse de particuliers, de municipalit\u00e9s, ou de grandes entreprises, nous servons une client\u00e8le diversifi\u00e9e ayant des besoins vari\u00e9s. Jetez un \u0153il aux t\u00e9moignages de nos clients d\u00e9crivant avec leurs propres mots le succ\u00e8s de notre collaboration.<\/p>\n<p><a style=\"font-weight: bold;\" href=\"https:\/\/www.apwbelgium.be\/fr\/temoignages\/temoignages\">T\u00e9moignages<\/a><\/p>\n<p>[\/vc_column_text][\/vc_column_inner][\/vc_row_inner][\/vc_column][\/vc_row]<\/p>\n<\/div>","protected":false},"excerpt":{"rendered":"<p>[vc_row][vc_column][vc_row_inner][vc_column_inner][vc_column_text] \u00c9tant la soci\u00e9t\u00e9 la plus reconnue et la mieux implant\u00e9e dans le monde en mati\u00e8re de rachat de bail de site d\u2019antennes GSM, APW Belgium a aid\u00e9 des milliers de propri\u00e9taires de sites comme vous, \u00e0 prendre en charge leurs baux de location. Notre \u00e9quipe de professionnels dispose du savoir-faire n\u00e9cessaire pour vous proposer&hellip;<\/p>\n","protected":false},"author":1,"featured_media":0,"parent":0,"menu_order":0,"comment_status":"closed","ping_status":"closed","template":"","meta":{"_acf_changed":false,"inline_featured_image":false,"footnotes":""},"class_list":["post-8385","page","type-page","status-publish","hentry","description-off"],"acf":[],"aioseo_notices":[],"_links":{"self":[{"href":"https:\/\/www.apwbelgium.be\/fr\/wp-json\/wp\/v2\/pages\/8385","targetHints":{"allow":["GET"]}}],"collection":[{"href":"https:\/\/www.apwbelgium.be\/fr\/wp-json\/wp\/v2\/pages"}],"about":[{"href":"https:\/\/www.apwbelgium.be\/fr\/wp-json\/wp\/v2\/types\/page"}],"author":[{"embeddable":true,"href":"https:\/\/www.apwbelgium.be\/fr\/wp-json\/wp\/v2\/users\/1"}],"replies":[{"embeddable":true,"href":"https:\/\/www.apwbelgium.be\/fr\/wp-json\/wp\/v2\/comments?post=8385"}],"version-history":[{"count":18,"href":"https:\/\/www.apwbelgium.be\/fr\/wp-json\/wp\/v2\/pages\/8385\/revisions"}],"predecessor-version":[{"id":9396,"href":"https:\/\/www.apwbelgium.be\/fr\/wp-json\/wp\/v2\/pages\/8385\/revisions\/9396"}],"wp:attachment":[{"href":"https:\/\/www.apwbelgium.be\/fr\/wp-json\/wp\/v2\/media?parent=8385"}],"curies":[{"name":"wp","href":"https:\/\/api.w.org\/{rel}","templated":true}]}}