{"id":9411,"date":"2022-10-18T22:00:06","date_gmt":"2022-10-18T22:00:06","guid":{"rendered":"https:\/\/www.apwbelgium.be\/fr\/?page_id=9411"},"modified":"2022-10-18T22:01:56","modified_gmt":"2022-10-18T22:01:56","slug":"politique-de-confidentialite","status":"publish","type":"page","link":"https:\/\/www.apwbelgium.be\/fr\/politique-de-confidentialite\/","title":{"rendered":"Politique de confidentialit\u00e9"},"content":{"rendered":"<div class=\"wpb-content-wrapper\"><p>[vc_row][vc_column][vc_row_inner][vc_column_inner]<div id=\"ultimate-heading-815269eb54e58a1dd\" class=\"uvc-heading ult-adjust-bottom-margin ultimate-heading-815269eb54e58a1dd uvc-8468  uvc-heading-default-font-sizes\" data-hspacer=\"no_spacer\"  data-halign=\"center\" style=\"text-align:center\"><div class=\"uvc-heading-spacer no_spacer\" style=\"top\"><\/div><div class=\"uvc-main-heading ult-responsive\"  data-ultimate-target='.uvc-heading.ultimate-heading-815269eb54e58a1dd h1'  data-responsive-json-new='{\"font-size\":\"\",\"line-height\":\"\"}' ><h1 style=\"font-weight:bold;margin-bottom:30px;\">Politique de confidentialit\u00e9<\/h1><\/div><\/div>[vc_column_text]Date d&#8217;entr\u00e9e en vigueur : Le 13 septembre 2022<\/p>\n<p>Cette politique de confidentialit\u00e9 (&#8220;Politique&#8221;) vous explique comment nous recueillons, utilisons et partageons les informations, y compris les informations personnelles que nous recueillons dans nos interactions avec : (i) les visiteurs de notre site Radius Global Infrastructure, Inc. et ses succursales (&#8220;Soci\u00e9t\u00e9&#8221;, &#8220;nous&#8221;, &#8220;notre&#8221;) (chacun, un &#8220;site Web&#8221;) ; (ii) nos clients et clients potentiels ; (iii) nos vendeurs et fournisseurs ; et (iv) toute autre personne qui nous fournit des renseignements personnels. En utilisant le site ou en nous soumettant des informations personnelles, vous confirmez que nous pouvons utiliser et divulguer vos informations conform\u00e9ment aux conditions de la pr\u00e9sente Politique.<\/p>\n<p>Les &#8220;informations personnelles&#8221; sont toutes les informations qui nous permettent de vous identifier directement ou indirectement, telles que votre adresse \u00e9lectronique, votre nom, votre adresse de livraison et de facturation, votre num\u00e9ro de t\u00e9l\u00e9phone, le nom de votre soci\u00e9t\u00e9, les informations relatives au paiement (y compris les cartes de cr\u00e9dit et les coordonn\u00e9es bancaires), tout num\u00e9ro d&#8217;identification, ou un ou plusieurs facteurs sp\u00e9cifiques \u00e0 votre identit\u00e9 physique, physiologique, mentale, \u00e9conomique, culturelle ou sociale.<\/p>\n<p>Aux fins du r\u00e8glement g\u00e9n\u00e9ral sur la protection des donn\u00e9es 2016\/679, y compris tel qu&#8217;il s&#8217;applique au Royaume-Uni en vertu de la loi de 2018 sur l&#8217;Union europ\u00e9enne (sortie) (collectivement, le &#8221; RGPD &#8220;), le responsable du traitement des donn\u00e9es est AP Wireless Infrastructure Partners, LLC, bas\u00e9 au 4250 Executive Square, Suite 900, La Jolla, CA, \u00c9tats-Unis.<\/p>\n<p><strong><u>Informations personnelles recueillies.<\/u><\/strong><\/p>\n<p>Nous recueillons des informations personnelles aupr\u00e8s des propri\u00e9taires de sites web, des d\u00e9tenteurs de droits de propri\u00e9t\u00e9, des clients potentiels ou des employ\u00e9s ou propri\u00e9taires de ces soci\u00e9t\u00e9s. Les informations peuvent comprendre des donn\u00e9es personnelles de base (nom, employeur, fonction, nom d&#8217;utilisateur et mot de passe), des informations relatives au paiement (adresse de facturation et de livraison et informations relatives \u00e0 la carte), des informations sur les biens que vous poss\u00e9dez ou contr\u00f4lez, des informations permettant de nous contacter pour une demande de renseignements (adresse \u00e9lectronique, num\u00e9ro de t\u00e9l\u00e9phone, adresse physique et\/ou informations g\u00e9n\u00e9r\u00e9es lors de nos \u00e9changes avec vous ou votre employeur.<\/p>\n<p>Nous recueillons \u00e9galement des informations personnelles aupr\u00e8s de fournisseurs, de fabricants et de tiers. Nous recueillerons les informations n\u00e9cessaires pour interagir avec des tiers et obtenir des produits et services de ces derniers.<\/p>\n<p>Vous pouvez naviguer sur notre site de mani\u00e8re anonyme ou choisir de nous fournir des informations. Nous recueillons les informations que vous soumettez lorsque vous visitez le site.<\/p>\n<p>Nous recueillons automatiquement des informations lorsque vous visitez le site, notamment l&#8217;adresse IP de votre appareil et des statistiques sur la fa\u00e7on dont vous utilisez le site. Il peut s&#8217;agir des pages que vous avez consult\u00e9es ou recherch\u00e9es, des temps de r\u00e9ponse des pages, des erreurs de t\u00e9l\u00e9chargement, de la dur\u00e9e des visites de certaines pages, des informations sur l&#8217;interaction des pages (telles que le d\u00e9filement, les clics et les passages de souris) ou des m\u00e9thodes utilis\u00e9es pour quitter la page. Nous ne traitons pas ces informations comme des informations personnelles, sauf si elles peuvent vous identifier lorsqu&#8217;elles sont associ\u00e9es \u00e0 d&#8217;autres informations que nous conservons ou si nous sommes tenus de le faire en vertu de la loi applicable.<\/p>\n<p>Lorsque vous nous fournissez des donn\u00e9es, nous attendons qu&#8217;elles soient exactes et actuelles. Compte tenu de la nature de nos activit\u00e9s et de notre relation avec vous, nous ne pr\u00e9voyons pas de collecter syst\u00e9matiquement des cat\u00e9gories sp\u00e9ciales de donn\u00e9es personnelles (parfois appel\u00e9es donn\u00e9es sensibles). Vous n&#8217;\u00eates pas oblig\u00e9 de nous fournir des donn\u00e9es personnelles, mais si vous choisissez de ne pas le faire, il se peut que nous ne soyons pas en mesure de correspondre avec vous ou de conclure un accord.<\/p>\n<p>Veuillez consulter notre <a href=\"https:\/\/www.apwip.com\/privacy-policy\/cookie-policy\/\" target=\"_blank\" rel=\"noopener\">avis sur les cookies<\/a> pour obtenir des informations sur notre utilisation des cookies et des technologies similaires. Nous n&#8217;utilisons pas de technologie permettant de reconna\u00eetre un signal &#8220;ne pas suivre&#8221; \u00e9mis par votre navigateur.<\/p>\n<p><strong><u>Comment nous utilisons vos informations personnelles. <\/u><\/strong><\/p>\n<p>Nous utilisons vos donn\u00e9es conform\u00e9ment aux termes de la version pertinente de la pr\u00e9sente politique en vigueur au moment de notre collecte. Nous nous r\u00e9servons le droit de mettre \u00e0 jour cette politique \u00e0 tout moment et nous vous recommandons de la consulter r\u00e9guli\u00e8rement pour vous assurer que vous \u00eates au courant de la derni\u00e8re version.<\/p>\n<p>Nous ne traiterons vos informations que si nous avons une raison l\u00e9gale de le faire. Ces raisons peuvent inclure : (1) lorsque vous avez donn\u00e9 votre consentement (qui peut \u00eatre retir\u00e9 \u00e0 tout moment), (2) lorsque le traitement est n\u00e9cessaire pour l&#8217;ex\u00e9cution d&#8217;un contrat auquel vous \u00eates partie ou pour prendre des mesures \u00e0 votre demande avant de conclure un tel contrat, (3) lorsque nous sommes tenus par la loi, (4) lorsque le traitement est n\u00e9cessaire pour prot\u00e9ger vos int\u00e9r\u00eats vitaux ou ceux d&#8217;une autre personne, ou(4) lorsque le traitement est n\u00e9cessaire \u00e0 la protection de vos int\u00e9r\u00eats vitaux ou de ceux d&#8217;une autre personne, ou (5) lorsque le traitement est n\u00e9cessaire aux fins de nos int\u00e9r\u00eats commerciaux l\u00e9gitimes, sauf si cet int\u00e9r\u00eat est supplant\u00e9 par vos droits et libert\u00e9s fondamentaux.<\/p>\n<p>Nous utilisons principalement les informations personnelles que nous recueillons pour nos int\u00e9r\u00eats commerciaux l\u00e9gitimes, tels que l&#8217;am\u00e9lioration de notre site web, l&#8217;interaction avec les clients, les fournisseurs et les tiers, l&#8217;expansion de nos activit\u00e9s et l&#8217;offre de nos propres produits ou services ou de ceux de nos soci\u00e9t\u00e9s affili\u00e9es qui, selon nous, peuvent vous int\u00e9resser. Cela peut inclure le traitement de vos informations personnelles pour les raisons suivantes :<\/p>\n<ul>\n<li>Pour r\u00e9pondre \u00e0 vos demandes, notamment en vous fournissant une assistance, en assurant un suivi, en am\u00e9liorant nos r\u00e9ponses et en enqu\u00eatant sur vos pr\u00e9occupations et en les r\u00e9solvant ;<\/li>\n<li>Pour fournir des services, y compris les questions de service \u00e0 la client\u00e8le ;<\/li>\n<li>Pour vous envoyer des communications sur nos services actuels, les nouveaux services que nous d\u00e9veloppons et les opportunit\u00e9s qui pourraient vous \u00eatre offertes ;<\/li>\n<li>Pour vous informer des nouvelles fonctionnalit\u00e9s ou des am\u00e9liorations apport\u00e9es \u00e0 nos services ;<\/li>\n<li>Pour vous conseiller sur vos transactions ou vos transactions potentielles avec nous ;<\/li>\n<li>Si vous \u00eates un client, pour g\u00e9rer votre compte, y compris le traitement des paiements ;<\/li>\n<li>Pour d\u00e9velopper nos activit\u00e9s, notamment en fournissant, en soutenant, en personnalisant et en d\u00e9veloppant notre site web, nos produits et nos services et en \u00e9valuant les changements apport\u00e9s \u00e0 nos activit\u00e9s ;<\/li>\n<li>Pour garantir le bon fonctionnement de notre site web et de nos services ;<\/li>\n<li>Assurer la s\u00e9curit\u00e9 de notre site Web, notamment pour r\u00e9pondre aux demandes des autorit\u00e9s ou d&#8217;autres organismes de r\u00e9glementation<\/li>\n<li>Mesurer ou comprendre l&#8217;efficacit\u00e9 de la publicit\u00e9 et des actions de sensibilisation.<\/li>\n<\/ul>\n<p>Lorsque vous \u00eates un client, un fournisseur ou un tiers et que vous passez un contrat individuel avec nous, nous utiliserons \u00e9galement vos informations personnelles pour conclure et g\u00e9rer votre contrat avec nous.<\/p>\n<p>Nous utilisons vos coordonn\u00e9es pour r\u00e9pondre \u00e0 vos demandes ou fournir des informations sur les produits ou services (avec votre consentement lorsque la loi l&#8217;exige). Nous nous effor\u00e7ons de ne recueillir que les informations personnelles qui sont raisonnablement n\u00e9cessaires pour fournir des services ou r\u00e9pondre \u00e0 vos demandes.<\/p>\n<p>Nous utilisons des cookies et des technologies similaires pour exploiter et am\u00e9liorer nos sites web. Nous pouvons, de temps \u00e0 autre, autoriser des tiers s\u00e9lectionn\u00e9s \u00e0 placer des cookies pour nous fournir de meilleures informations sur l&#8217;utilisation du site ou des donn\u00e9es d\u00e9mographiques sur les utilisateurs ou pour vous proposer des publicit\u00e9s pertinentes. Les tiers peuvent recueillir des informations sur les activit\u00e9s en ligne d&#8217;un consommateur au fil du temps et sur diff\u00e9rents sites lorsqu&#8217;il utilise notre site. Nous pouvons \u00e9galement autoriser des prestataires de services tiers \u00e0 placer des cookies sur notre site afin de remplir des fonctions analytiques ou de marketing lorsque vous en avez \u00e9t\u00e9 inform\u00e9 et que vous avez consenti \u00e0 leur utilisation. Nous ne contr\u00f4lons pas l&#8217;utilisation de ces cookies tiers ni les informations qui en r\u00e9sultent et nous ne sommes pas responsables des actions ou des politiques de ces tiers. Pour plus d&#8217;informations sur l&#8217;utilisation des cookies, veuillez consulter notre <a href=\"https:\/\/www.apwip.com\/privacy-policy\/cookie-policy\/\" target=\"_blank\" rel=\"noopener\">Politique de cookies<\/a>.<\/p>\n<p><strong><u>Privacit\u00e9 des enfants.<\/u><\/strong><\/p>\n<p>Ce site n&#8217;est pas con\u00e7u ou destin\u00e9 \u00e0 attirer l&#8217;utilisation d&#8217;enfants de moins de 13 ans. Nous ne collectons pas sciemment d&#8217;informations aupr\u00e8s d&#8217;enfants de moins de 13 ans. Si vous avez moins de 13 ans, veuillez ne pas nous envoyer d&#8217;informations. Si vous avez des raisons de croire que nous avons collect\u00e9 des informations aupr\u00e8s d&#8217;enfants de moins de 13 ans, veuillez nous contacter \u00e0 l&#8217;adresse <a href=\"mailto:privacy@apwip.com\">privacy@apwip.com.<\/a><\/p>\n<p><strong><u>Partage de vos informations.<\/u><\/strong><\/p>\n<p>Nous pouvons partager vos informations avec nos soci\u00e9t\u00e9s affili\u00e9es. Nous pouvons partager les donn\u00e9es vous concernant avec des tiers non affili\u00e9s : (1) si vous le demandez ou l&#8217;autorisez ; (2) si les informations sont fournies pour aider \u00e0 r\u00e9aliser une transaction pour vous ; (3) si les informations sont fournies pour se conformer \u00e0 la loi, aux r\u00e8glements applicables, aux demandes gouvernementales et quasi-gouvernementales, aux ordonnances du tribunal ou aux assignations, pour faire respecter nos conditions d&#8217;utilisation ou d&#8217;autres accords, ou pour prot\u00e9ger nos droits, notre propri\u00e9t\u00e9 ou notre s\u00e9curit\u00e9 ou les droits, la propri\u00e9t\u00e9 ou la s\u00e9curit\u00e9 de nos utilisateurs ou d&#8217;autres personnes (par ex.) ; (4) si la divulgation est effectu\u00e9e dans le cadre d&#8217;un achat, d&#8217;un transfert ou d&#8217;une vente de services ou d&#8217;actifs (par exemple, dans le cas o\u00f9 la quasi-totalit\u00e9 de nos actifs sont acquis par une autre partie, les informations relatives aux clients peuvent \u00eatre l&#8217;un des actifs transf\u00e9r\u00e9s) ; (5) si les informations sont fournies \u00e0 nos agents, \u00e0 des vendeurs externes ou \u00e0 des prestataires de services pour ex\u00e9cuter des fonctions en notre nom (par exemple, stocker ou analyser des donn\u00e9es, fournir une assistance marketing, fournir un service \u00e0 la client\u00e8le, traiter des commandes, etc.) ; ou (6) comme d\u00e9crit autrement dans la pr\u00e9sente politique.<\/p>\n<p>Nous ne transf\u00e9rerons vos donn\u00e9es personnelles qu&#8217;\u00e0 des tiers de confiance qui peuvent d\u00e9montrer leur engagement \u00e0 respecter des mesures de s\u00e9curit\u00e9 techniques et organisationnelles. Nous ne partageons pas vos informations avec des tiers \u00e0 des fins de marketing. Nous pouvons divulguer vos informations non publiques, agr\u00e9g\u00e9es ou non personnelles, telles que les statistiques d&#8217;utilisation de nos produits, \u00e0 nos soci\u00e9t\u00e9s affili\u00e9es et \u00e0 des tiers.<\/p>\n<p>Lorsque des tiers traitent des informations personnelles en notre nom, ils seront tenus d&#8217;accepter, par voie contractuelle ou autre, de traiter les informations personnelles conform\u00e9ment au droit applicable. Ce contrat stipulera, entre autres, que le tiers et son repr\u00e9sentant n&#8217;agiront que sur nos instructions, ou comme la loi le permet.<\/p>\n<p><strong><u>S\u00e9curit\u00e9.<\/u><\/strong><\/p>\n<p>Nous utilisons des mesures techniques, administratives et physiques raisonnables pour prot\u00e9ger les informations contenues dans notre syst\u00e8me contre toute utilisation abusive, perte ou alt\u00e9ration. Les informations personnelles que vous nous fournissez sont stock\u00e9es sur des serveurs, situ\u00e9s dans des installations s\u00e9curis\u00e9es \u00e0 acc\u00e8s restreint et prot\u00e9g\u00e9es par des protocoles et des proc\u00e9dures con\u00e7us pour garantir la s\u00e9curit\u00e9 de ces donn\u00e9es. Nous utilisons la technologie SSL standard pour prot\u00e9ger les informations transf\u00e9r\u00e9es sur notre site. Toutefois, aucun serveur, ordinateur, r\u00e9seau ou syst\u00e8me de communication, ni aucune transmission de donn\u00e9es sur Internet ne peuvent \u00eatre garantis comme \u00e9tant 100 % s\u00fbrs. Par cons\u00e9quent, bien que nous nous efforcions de prot\u00e9ger les informations des utilisateurs, nous ne pouvons pas assurer ou garantir la s\u00e9curit\u00e9 des donn\u00e9es personnelles que vous nous transmettez. Il vous incombe de veiller \u00e0 la s\u00e9curit\u00e9 de tout nom d&#8217;utilisateur, mot de passe ou autre information de connexion. Si nous recevons des instructions en utilisant vos informations de connexion, nous consid\u00e9rerons que vous les avez autoris\u00e9es.<\/p>\n<p><strong><u>O\u00f9 nous stockons vos informations.<\/u><\/strong><\/p>\n<p>Vos informations et donn\u00e9es que nous recueillons aupr\u00e8s de vous peuvent \u00eatre transf\u00e9r\u00e9es et stock\u00e9es sur nos serveurs aux \u00c9tats-Unis d&#8217;Am\u00e9rique ou \u00e0 l&#8217;\u00e9tranger. Ils peuvent \u00e9galement \u00eatre poursuivis par des employ\u00e9s op\u00e9rant aux \u00c9tats-Unis, dans votre pays d&#8217;origine, dans tout pays o\u00f9 les soci\u00e9t\u00e9s affili\u00e9es de la soci\u00e9t\u00e9 sont situ\u00e9es ou dans le pays o\u00f9 nos fournisseurs et soci\u00e9t\u00e9s affili\u00e9es sont situ\u00e9s. Lorsque des informations personnelles soumises au GDPR sont partag\u00e9es avec un tiers situ\u00e9 dans un pays qui n&#8217;assure pas un niveau de protection ad\u00e9quat des donn\u00e9es personnelles, le contrat en place avec le tiers concern\u00e9 int\u00e9grera une protection alternative appropri\u00e9e (telle que les clauses contractuelles types approuv\u00e9es). Si vous souhaitez obtenir une copie de la protection appropri\u00e9e, veuillez contacter <a href=\"mailto:privacy@apwip.com\">privacy@apwip.com.<\/a><\/p>\n<p><strong><u>Liens vers d&#8217;autres sites.<\/u><\/strong><\/p>\n<p>Nous pouvons autoriser d&#8217;autres personnes \u00e0 cr\u00e9er un lien vers ce site ou \u00e0 publier un lien vers leur site sur le n\u00f4tre. Nous ne cautionnons pas ces sites et ne sommes pas responsables des autres sites ou de leurs pratiques en mati\u00e8re de confidentialit\u00e9. Veuillez lire leurs politiques de confidentialit\u00e9 avant de soumettre des informations.<\/p>\n<p><strong><u>Acc\u00e8s et mise \u00e0 jour de vos informations personnelles.<\/u><\/strong><\/p>\n<p>O\u00f9 que vous soyez, vous pouvez nous demander de corriger, mettre \u00e0 jour, supprimer ou modifier les informations personnelles que nous stockons. Veuillez nous contacter par e-mail<a href=\"mailto:privacy@apwip.com\">(privacy@apwip.com)<\/a> si vous souhaitez mettre \u00e0 jour vos informations personnelles. Veuillez noter qu&#8217;avant d&#8217;apporter des modifications \u00e0 vos donn\u00e9es, nous devons confirmer et authentifier que vous \u00eates le titulaire qui fait la demande de modification et nous pouvons demander des informations pour valider votre identit\u00e9. Si n\u00e9cessaire, nous r\u00e9pondrons \u00e0 votre demande dans un d\u00e9lai de 45 jours. Si nous le refusons, vous pouvez le contester ou mettre en cause tout autre doute, r\u00e9clamation ou litige non r\u00e9solu.<\/p>\n<p>Sous r\u00e9serve de la l\u00e9gislation qui peut, de temps \u00e0 autre, nous obliger \u00e0 conserver les informations personnelles pendant une certaine p\u00e9riode, nous respecterons votre souhait de corriger les donn\u00e9es inexactes ou de les supprimer. Sinon, nous conserverons vos informations aussi longtemps que nous pensons qu&#8217;elles nous aideront \u00e0 atteindre nos objectifs tels que d\u00e9taill\u00e9s dans la pr\u00e9sente politique. Il peut y avoir des circonstances o\u00f9, pour des raisons juridiques ou de conformit\u00e9, nous ne sommes pas autoris\u00e9s \u00e0 supprimer des informations.<\/p>\n<p>Si, apr\u00e8s avoir accept\u00e9 de recevoir des messages de marketing, vous ne souhaitez plus le faire, vous pouvez modifier vos pr\u00e9f\u00e9rences \u00e0 tout moment en vous &#8220;d\u00e9sinscrivant&#8221; en suivant les instructions figurant dans l&#8217;un de nos messages \u00e9lectroniques. Cela ne nous emp\u00eachera pas de vous envoyer des e-mails concernant votre compte ou vos transactions avec nous.<\/p>\n<p><strong><u>Votre droit \u00e0 la vie priv\u00e9e en Californie<\/u><\/strong><\/p>\n<p>Nous ne partageons pas les informations personnelles avec des tiers \u00e0 des fins de marketing direct.<\/p>\n<p>Les r\u00e9sidents de Californie peuvent lire notre <a href=\"https:\/\/www.apwip.com\/privacy-policy\/california-privacy-notice\/\" target=\"_blank\" rel=\"noopener\">avis de confidentialit\u00e9 de Californie ici<\/a> [lien] pour en savoir plus sur leurs droits et la mani\u00e8re de les exercer.<\/p>\n<p><strong><u>Votre droit \u00e0 la vie priv\u00e9e en Europe et au Royaume-Uni<\/u><\/strong><\/p>\n<p><strong>Uniquement pour les personnes r\u00e9sidant dans l&#8217;EEE ou au Royaume-Uni<\/strong>. En plus des informations ci-dessus, en vertu du GDPR, dans certaines circonstances, vous avez le droit de : (a) demander l&#8217;acc\u00e8s \u00e0 toutes les donn\u00e9es personnelles que nous d\u00e9tenons \u00e0 votre sujet et aux informations qui s&#8217;y rapportent, (b) obtenir sans d\u00e9lai excessif la rectification de toute information personnelle inexacte, (c) demander que vos donn\u00e9es personnelles soient supprim\u00e9es, \u00e0 condition que nous n&#8217;ayons pas besoin de ces informations pour nous conformer \u00e0 un(d) emp\u00eacher ou restreindre le traitement de vos informations personnelles, sauf dans la mesure o\u00f9 le traitement est n\u00e9cessaire \u00e0 la constatation, \u00e0 l&#8217;exercice ou \u00e0 la d\u00e9fense de droits l\u00e9gaux(e) demander le transfert de vos donn\u00e9es personnelles directement \u00e0 un tiers lorsque cela est techniquement possible.<\/p>\n<p>En outre, si vous soup\u00e7onnez que la soci\u00e9t\u00e9 n&#8217;a pas respect\u00e9 son obligation en vertu de la pr\u00e9sente politique de confidentialit\u00e9 ou de la l\u00e9gislation europ\u00e9enne, vous avez le droit de d\u00e9poser une plainte aupr\u00e8s d&#8217;une autorit\u00e9 de protection des donn\u00e9es, telle que le bureau du commissaire \u00e0 l&#8217;information du Royaume-Uni ou la commission irlandaise de protection des donn\u00e9es.<\/p>\n<p><strong><u>En nous contactant.<\/u><\/strong><\/p>\n<p>Ce site est d\u00e9tenu et exploit\u00e9 par la Soci\u00e9t\u00e9. Vous pouvez nous contacter \u00e0 l&#8217;adresse suivante : AP Wireless Infrastructure Partners, LLC, 4250 Executive Square, Suite 900, La Jolla, CA ou par courriel \u00e0 <a href=\"mailto:privacy@apwip.com\">privacy@apwip.com.<\/a>[\/vc_column_text][\/vc_column_inner][\/vc_row_inner][\/vc_column][\/vc_row]<\/p>\n<\/div>","protected":false},"excerpt":{"rendered":"<p>[vc_row][vc_column][vc_row_inner][vc_column_inner][vc_column_text]Date d&#8217;entr\u00e9e en vigueur : Le 13 septembre 2022 Cette politique de confidentialit\u00e9 (&#8220;Politique&#8221;) vous explique comment nous recueillons, utilisons et partageons les informations, y compris les informations personnelles que nous recueillons dans nos interactions avec : (i) les visiteurs de notre site Radius Global Infrastructure, Inc. et ses succursales (&#8220;Soci\u00e9t\u00e9&#8221;, &#8220;nous&#8221;, &#8220;notre&#8221;) (chacun, un&hellip;<\/p>\n","protected":false},"author":1,"featured_media":0,"parent":0,"menu_order":0,"comment_status":"closed","ping_status":"closed","template":"","meta":{"_acf_changed":false,"inline_featured_image":false,"footnotes":""},"class_list":["post-9411","page","type-page","status-publish","hentry","description-off"],"acf":[],"aioseo_notices":[],"_links":{"self":[{"href":"https:\/\/www.apwbelgium.be\/fr\/wp-json\/wp\/v2\/pages\/9411","targetHints":{"allow":["GET"]}}],"collection":[{"href":"https:\/\/www.apwbelgium.be\/fr\/wp-json\/wp\/v2\/pages"}],"about":[{"href":"https:\/\/www.apwbelgium.be\/fr\/wp-json\/wp\/v2\/types\/page"}],"author":[{"embeddable":true,"href":"https:\/\/www.apwbelgium.be\/fr\/wp-json\/wp\/v2\/users\/1"}],"replies":[{"embeddable":true,"href":"https:\/\/www.apwbelgium.be\/fr\/wp-json\/wp\/v2\/comments?post=9411"}],"version-history":[{"count":1,"href":"https:\/\/www.apwbelgium.be\/fr\/wp-json\/wp\/v2\/pages\/9411\/revisions"}],"predecessor-version":[{"id":9412,"href":"https:\/\/www.apwbelgium.be\/fr\/wp-json\/wp\/v2\/pages\/9411\/revisions\/9412"}],"wp:attachment":[{"href":"https:\/\/www.apwbelgium.be\/fr\/wp-json\/wp\/v2\/media?parent=9411"}],"curies":[{"name":"wp","href":"https:\/\/api.w.org\/{rel}","templated":true}]}}