{"id":9425,"date":"2022-11-15T22:27:37","date_gmt":"2022-11-15T22:27:37","guid":{"rendered":"https:\/\/www.apwbelgium.be\/fr\/?page_id=9425"},"modified":"2024-07-02T17:48:52","modified_gmt":"2024-07-02T17:48:52","slug":"politique-en-matiere-de-cookies","status":"publish","type":"page","link":"https:\/\/www.apwbelgium.be\/fr\/politique-de-confidentialite\/politique-en-matiere-de-cookies\/","title":{"rendered":"Politique en mati\u00e8re de cookies"},"content":{"rendered":"<div class=\"wpb-content-wrapper\"><p>[vc_row][vc_column]<div id=\"ultimate-heading-109569e05d313dc4b\" class=\"uvc-heading ult-adjust-bottom-margin ultimate-heading-109569e05d313dc4b uvc-9810  uvc-heading-default-font-sizes\" data-hspacer=\"no_spacer\"  data-halign=\"center\" style=\"text-align:center\"><div class=\"uvc-heading-spacer no_spacer\" style=\"top\"><\/div><div class=\"uvc-main-heading ult-responsive\"  data-ultimate-target='.uvc-heading.ultimate-heading-109569e05d313dc4b h1'  data-responsive-json-new='{\"font-size\":\"\",\"line-height\":\"\"}' ><h1 style=\"font-weight:bold;margin-bottom:30px;\">Politique en mati\u00e8re de cookies<\/h1><\/div><\/div>[vc_column_text css=&#8221;&#8221;]Date d&#8217;entr\u00e9e en vigueur : 15 septembre 2022<\/p>\n<p>Radius Global Infrastructure, Inc., dont le si\u00e8ge social est situ\u00e9 au 3 Bala Plaza East, Suite 502, Bala Cynwyd, PA 19004, \u00c9tats-Unis, et ses filiales, (&#8221; Soci\u00e9t\u00e9 &#8220;, &#8221; nous &#8220;, &#8221; notre &#8220;, &#8221; nos &#8220;) peuvent utiliser des cookies et des technologies similaires pour collecter des informations globales (non personnelles) sur l&#8217;utilisation des Sites Web de notre Soci\u00e9t\u00e9 qui renvoient \u00e0 cette politique de cookies (chacun \u00e9tant un &#8221; SSite &#8220;) et pour nous aider \u00e0 nous souvenir de vous et de vos pr\u00e9f\u00e9rences lorsque vous reviSitez le Site.<\/p>\n<p><u>Types de cookies.<\/u><\/p>\n<p>Certains cookies sont essentiels au fonctionnement de notre Site (&#8221; Cookies essentiels &#8220;). Ces cookies permettent de fournir des services que vous avez sp\u00e9cifiquement demand\u00e9s. Ces cookies restent sur votre appareil uniquement jusqu&#8217;\u00e0 ce que vous fermiez votre navigateur apr\u00e8s avoir visit\u00e9 notre Site.<\/p>\n<p>Certains cookies sont utilis\u00e9s pour collecter des informations anonymes sur les pages visit\u00e9es (&#8220;cookies de performance&#8221;). Par exemple, nous pouvons utiliser des cookies de performance pour savoir quelles pages sont les plus populaires, quelle m\u00e9thode de liaison entre les pages est la plus efficace, et d\u00e9terminer pourquoi certaines pages re\u00e7oivent des messages d&#8217;erreur. Ces cookies restent sur votre appareil uniquement jusqu&#8217;\u00e0 ce que vous fermiez votre navigateur apr\u00e8s avoir visit\u00e9 notre SSite web.<\/p>\n<p>Certains cookies se souviennent des choix que vous faites pour am\u00e9liorer votre exp\u00e9rience (&#8220;cookies de fonctionnalit\u00e9&#8221;). Ces cookies de fonctionnalit\u00e9 restent sur votre appareil pendant une p\u00e9riode prolong\u00e9e. Lorsque vous viSitez \u00e0 nouveau notre Site, nous reconnaissons les cookies de fonctionnalit\u00e9 et nous nous souvenons de vos pr\u00e9f\u00e9rences ou nous pouvons vous connecter automatiquement au Site. Les informations personnelles sur notre syst\u00e8me peuvent \u00eatre associ\u00e9es aux cookies de fonctionnalit\u00e9, mais les cookies eux-m\u00eames ne contiennent aucune de vos informations personnelles.<\/p>\n<p>Enfin, nous pouvons utiliser des &#8220;cookies de ciblage de la publicit\u00e9 comportementale&#8221; qui recueillent des informations sur vos habitudes de navigation afin de rendre la publicit\u00e9\u00a0 pertinente pour vous et vos int\u00e9r\u00eats. Des informations plus g\u00e9n\u00e9rales sur les cookies et leur fonctionnement sont disponibles sur<a href=\"http:\/\/www.allaboutcookies.org\" target=\"_blank\" rel=\"noopener\"> www.allaboutcookies.org.<\/a> Les viSiteurs de l&#8217;Union europ\u00e9enne peuvent consulter le Site <a href=\"http:\/\/www.youronlinechoices.com\/uk\" target=\"_blank\" rel=\"noopener\">www.youronlinechoices.com\/uk<\/a> pour plus d&#8217;informations sur ce type de cookie.<\/p>\n<p><u>Cookies de tiers.<\/u><\/p>\n<p>Nous pouvons, de temps \u00e0 autre, autoriser des tiers s\u00e9lectionn\u00e9s \u00e0 placer des cookies sur le SSite afin de nous fournir de meilleures informations sur l&#8217;utilisation du Site ou des donn\u00e9es d\u00e9mographiques sur les utilisateurs ou pour vous proposer des publicit\u00e9s pertinentes. Ces tiers peuvent recueillir des informations sur les activit\u00e9s en ligne d&#8217;un consommateur au fil du temps et sur diff\u00e9rents Sites lorsqu&#8217;ils utilisent notre SSite. Nous pouvons \u00e9galement autoriser des prestataires de services tiers \u00e0 placer des cookies sur notre Site pour remplir des fonctions d&#8217;analyse ou de marketing, auquel cas vous \u00eates inform\u00e9 de leur utilisation et y consentez express\u00e9ment. Nous ne contr\u00f4lons pas l&#8217;utilisation de ces cookies de tiers ni les informations qui en r\u00e9sultent et ne sommes pas responsables des actions ou politiques de ces tiers.<\/p>\n<p><u>Vos choix <\/u><\/p>\n<p>Nous n&#8217;avons pas besoin de votre consentement pour placer des cookies essentiels sur votre appareil. Toutefois, nous ne placerons pas d&#8217;autres types de cookies sans avoir obtenu votre consentement pr\u00e9alable. Votre consentement est obtenu lorsque vous visitez le site via l\u2019apparition de la banni\u00e8re de cookies qui vous est pr\u00e9sent\u00e9e lors de votre premi\u00e8re visite sur le Site. Vous pouvez \u00e9galement choisir d&#8217;exclure ou de bloquer les cookies en param\u00e9trant votre navigateur pour qu&#8217;il rejette tous les cookies ou qu&#8217;il ne les autorise que sur certains Sites web.<\/p>\n<p>Si vous bloquez tous les cookies, les performances du Site peuvent \u00eatre alt\u00e9r\u00e9es et certaines fonctions peuvent ne pas fonctionner.<\/p>\n<p>Les types sp\u00e9cifiques de cookies plac\u00e9s par le Site et les objectifs qu&#8217;ils remplissent sont d\u00e9crits dans le tableau ci-dessous :<\/p>\n<table width=\"645\">\n<tbody>\n<tr>\n<td width=\"350\">Type de cookies<\/td>\n<td width=\"274\">A quoi serventces cookies<\/td>\n<\/tr>\n<tr>\n<td width=\"350\"><strong>Cookies strictement n\u00e9cessaires<\/strong><\/p>\n<p>Il s&#8217;agit de cookies qui sont n\u00e9cessaires au fonctionnement du Site. Ils comprennent, par exemple, les cookies qui vous permettent de vous connecter \u00e0 des zones s\u00e9curis\u00e9es de nos Sites web, d&#8217;utiliser un panier d&#8217;achat ou de faire usage de la facturation \u00e9lectronique.<\/td>\n<td width=\"274\">&#8211; Entreprise<\/td>\n<\/tr>\n<tr>\n<td width=\"350\"><strong>Cookies de performance et de fonctionnalit\u00e9<\/strong><\/p>\n<p>Ils sont utilis\u00e9s pour vous reconna\u00eetre lorsque vous revenez sur le Site.<\/p>\n<p>Cela nous permet de personnaliser notre contenu pour vous et de nous souvenir de vos pr\u00e9f\u00e9rences (par exemple, votre choix de langue ou de r\u00e9gion), mais ne sont pas essentiels \u00e0 la performance du Site).<\/td>\n<td width=\"274\">&#8211; Entreprise<\/td>\n<\/tr>\n<tr>\n<td width=\"350\"><strong>Cookies analytiques ou de personnalisation<\/strong><\/p>\n<p>Ces cookies recueillent des informations sur la mani\u00e8re dont les utilisateurs acc\u00e8dent au Site et s&#8217;y d\u00e9placent. Nous utilisons ces informations sous forme agr\u00e9g\u00e9e pour nous aider \u00e0 am\u00e9liorer le fonctionnement du Site ou pour personnaliser le Site en fonction de vos int\u00e9r\u00eats.<\/td>\n<td width=\"274\">&#8211; Entreprise<\/p>\n<p>&nbsp;<\/p>\n<p>&#8211; Google Analytics 4 (GA4)<\/td>\n<\/tr>\n<tr>\n<td width=\"350\"><strong>Cookies publicitaires<\/strong><\/p>\n<p>&nbsp;<\/p>\n<p>Ces cookies sont utilis\u00e9s pour rendre la publicit\u00e9 affich\u00e9e sur le Site plus pertinente pour vous. Ces cookies emp\u00eachent les publicit\u00e9s de r\u00e9appara\u00eetre et garantissent leur affichage correct. Certains cookies tiers peuvent suivre les utilisateurs sur diff\u00e9rents Sites web, en diffusant des publicit\u00e9s adapt\u00e9es \u00e0 leurs int\u00e9r\u00eats.<\/td>\n<td width=\"274\">&#8211; Meta Platforms<\/p>\n<p>&#8211; YouTube<\/td>\n<\/tr>\n<tr>\n<td width=\"350\"><strong>Cookies de r\u00e9seaux sociaux<\/strong><\/p>\n<p>Ces cookies nous permettent d&#8217;int\u00e9grer des fonctions de r\u00e9seaux sociaux sur le Site et peuvent \u00e9galement \u00eatre utilis\u00e9s \u00e0 des fins publicitaires.<\/td>\n<td width=\"274\">&#8211; X formerly known as Twitter<\/p>\n<p>&#8211; Meta Platforms<\/p>\n<p>&#8211; YouTube<\/td>\n<\/tr>\n<\/tbody>\n<\/table>\n<p>[\/vc_column_text][\/vc_column][\/vc_row]<\/p>\n<\/div>","protected":false},"excerpt":{"rendered":"<p>[vc_row][vc_column][vc_column_text css=&#8221;&#8221;]Date d&#8217;entr\u00e9e en vigueur : 15 septembre 2022 Radius Global Infrastructure, Inc., dont le si\u00e8ge social est situ\u00e9 au 3 Bala Plaza East, Suite 502, Bala Cynwyd, PA 19004, \u00c9tats-Unis, et ses filiales, (&#8221; Soci\u00e9t\u00e9 &#8220;, &#8221; nous &#8220;, &#8221; notre &#8220;, &#8221; nos &#8220;) peuvent utiliser des cookies et des technologies similaires pour&hellip;<\/p>\n","protected":false},"author":1,"featured_media":0,"parent":9411,"menu_order":0,"comment_status":"closed","ping_status":"closed","template":"","meta":{"_acf_changed":false,"inline_featured_image":false,"footnotes":""},"class_list":["post-9425","page","type-page","status-publish","hentry","description-off"],"acf":[],"aioseo_notices":[],"_links":{"self":[{"href":"https:\/\/www.apwbelgium.be\/fr\/wp-json\/wp\/v2\/pages\/9425","targetHints":{"allow":["GET"]}}],"collection":[{"href":"https:\/\/www.apwbelgium.be\/fr\/wp-json\/wp\/v2\/pages"}],"about":[{"href":"https:\/\/www.apwbelgium.be\/fr\/wp-json\/wp\/v2\/types\/page"}],"author":[{"embeddable":true,"href":"https:\/\/www.apwbelgium.be\/fr\/wp-json\/wp\/v2\/users\/1"}],"replies":[{"embeddable":true,"href":"https:\/\/www.apwbelgium.be\/fr\/wp-json\/wp\/v2\/comments?post=9425"}],"version-history":[{"count":4,"href":"https:\/\/www.apwbelgium.be\/fr\/wp-json\/wp\/v2\/pages\/9425\/revisions"}],"predecessor-version":[{"id":12819,"href":"https:\/\/www.apwbelgium.be\/fr\/wp-json\/wp\/v2\/pages\/9425\/revisions\/12819"}],"up":[{"embeddable":true,"href":"https:\/\/www.apwbelgium.be\/fr\/wp-json\/wp\/v2\/pages\/9411"}],"wp:attachment":[{"href":"https:\/\/www.apwbelgium.be\/fr\/wp-json\/wp\/v2\/media?parent=9425"}],"curies":[{"name":"wp","href":"https:\/\/api.w.org\/{rel}","templated":true}]}}