{"id":7455,"date":"2019-11-12T20:08:42","date_gmt":"2019-11-12T20:08:42","guid":{"rendered":"http:\/\/iisstage01\/dev2.apwus.com\/?page_id=7455"},"modified":"2022-09-28T21:21:18","modified_gmt":"2022-09-28T21:21:18","slug":"speel-op-safe","status":"publish","type":"page","link":"https:\/\/www.apwbelgium.be\/nl\/waarom-verkopen\/speel-op-safe\/","title":{"rendered":"Speel op safe"},"content":{"rendered":"<div class=\"wpb-content-wrapper\"><p>[vc_row css=&#8221;.vc_custom_1540399030011{background-color: #ffffff !important;}&#8221;][vc_column css=&#8221;.vc_custom_1547235127203{margin-top: -40px !important;}&#8221;][vc_row_inner css=&#8221;.vc_custom_1561493994623{margin-bottom: 40px !important;}&#8221;][vc_column_inner css=&#8221;.vc_custom_1548366890365{margin-bottom: -20px !important;}&#8221;]<div id=\"ultimate-heading-370769f54dcb4d9d0\" class=\"uvc-heading ult-adjust-bottom-margin ultimate-heading-370769f54dcb4d9d0 uvc-3395  uvc-heading-default-font-sizes\" data-hspacer=\"no_spacer\"  data-halign=\"center\" style=\"text-align:center\"><div class=\"uvc-heading-spacer no_spacer\" style=\"top\"><\/div><div class=\"uvc-main-heading ult-responsive\"  data-ultimate-target='.uvc-heading.ultimate-heading-370769f54dcb4d9d0 h1'  data-responsive-json-new='{\"font-size\":\"\",\"line-height\":\"\"}' ><h1 style=\"font-weight:bold;color:#000000;\">Speel op safe<\/h1><\/div><\/div>[\/vc_column_inner][\/vc_row_inner][\/vc_column][\/vc_row][vc_row el_id=&#8221;wideDisplay&#8221;][vc_column width=&#8221;1\/3&#8243;][vc_single_image image=&#8221;7958&#8243; alignment=&#8221;center&#8221; css_animation=&#8221;none&#8221;][\/vc_column][vc_column width=&#8221;1\/3&#8243;][vc_single_image image=&#8221;7960&#8243; alignment=&#8221;center&#8221; css_animation=&#8221;none&#8221;][\/vc_column][vc_column width=&#8221;1\/3&#8243;][vc_single_image image=&#8221;7959&#8243; alignment=&#8221;center&#8221; css_animation=&#8221;none&#8221;][\/vc_column][\/vc_row][vc_row][vc_column][vc_column_text]<\/p>\n<div id=\"secureTest\" style=\"margin-left: 40px; margin-right: 29px;\">\n<ul class=\"justify\" style=\"list-style-image: url('https:\/\/www.apwbelgium.be\/nl\/wp-content\/uploads\/2022\/09\/greenTriangle_15px.png');\">\n<li>De huurovereenkomst met betrekking tot uw zendmast geeft weinig zekerheid. De overeenkomst kan op ieder moment worden opgezegd, waardoor u uw inkomsten verliest. U heeft geen enkele invloed op de voortzetting of be\u00ebindiging van de overeenkomst. Fusies en overnames binnen de telecom (denk aan KPN Orange\/BASE &amp; BASE\/Telenet) maken dat u het risico loopt dat de huurovereenkomst op ieder moment kan worden opgezegd. Ook technologische ontwikkelingen spelen een rol bij de beslissing van een provider om overeenkomsten op te zeggen.<\/li>\n<\/ul>\n<p><img loading=\"lazy\" decoding=\"async\" id=\"mobileDisplay\" class=\"aligncenter size-full wp-image-7958\" src=\"https:\/\/www.apwbelgium.be\/nl\/wp-content\/uploads\/2019\/12\/Icons-03-1-150x150.png\" alt=\"\" width=\"200\" height=\"204\" \/><\/p>\n<ul class=\"justify\" style=\"list-style-image: url('https:\/\/www.apwbelgium.be\/nl\/wp-content\/uploads\/2022\/09\/greenTriangle_15px.png');\">\n<li>Providers proberen altijd te onderzoeken waar zij kosten kunnen besparen en fusies en samenwerkingen tussen providers worden daardoor steeds waarschijnlijker. Wanneer er een fusie tussen providers plaatsvindt, lopen eigenaren met zendmasten een re\u00ebel risico dat de huurovereenkomst wordt opgezegd. Het feit dat wij als consument steeds meer data wensen te hebben, maakt dus niet dat uw huurovereenkomst blijft bestaan. De praktijk is dat technologische ontwikkelingen \u00e9n fusies maken dat opzeggingen van huurovereenkomsten steeds vaker zullen voorkomen. In Belgi\u00eb specifiek is er zelfs sprake van t\u00e9 weinig concurrentie op de Belgische telecommarkt. Dit zet de deur open voor mogelijke concurrenten, waar APW Belgium als bemiddelingspartner kan optreden voor het maximaliseren van uw zendmastgebruik.<\/li>\n<\/ul>\n<p><img loading=\"lazy\" decoding=\"async\" id=\"mobileDisplay\" class=\"aligncenter size-full wp-image-7960\" src=\"https:\/\/www.apwbelgium.be\/nl\/wp-content\/uploads\/2019\/12\/HM-5-150x150.png\" alt=\"\" width=\"200\" height=\"210\" \/><\/p>\n<ul id=\"triangleIcon\" class=\"justify\" style=\"list-style-image: url('https:\/\/www.apwbelgium.be\/nl\/wp-content\/uploads\/2022\/09\/greenTriangle_15px.png');\">\n<li>Het ontwerp en de locatie van een mobiel netwerk is uiterst ingewikkeld en het netwerk wijzigt voortdurend. Nieuwe technologie\u00ebn maken het niet alleen mogelijk om meer gegevens te verzenden over langere afstanden, maar het risico bestaat ook dat traditionele zendmasten vervangen worden, waardoor er minder zendmasten nodig zijn om aan de vraag te voldoen. Hoewel het dus juist is dat nieuwe zendmasten gebouwd worden om meer verkeer te verwerken, worden bestaande antennes die niet meer binnen het netwerkplan passen, afgebroken. Bijvoorbeeld de 4G antennes hebben korter bereik, en worden idealiter dichter en lager geplaatst.<\/li>\n<\/ul>\n<p><img loading=\"lazy\" decoding=\"async\" id=\"mobileDisplay\" class=\"aligncenter size-full wp-image-7959\" src=\"https:\/\/www.apwbelgium.be\/nl\/wp-content\/uploads\/2019\/12\/HM5-150x150.png\" alt=\"\" width=\"200\" height=\"209\" \/><\/p>\n<ul class=\"justify\" style=\"list-style-image: url('https:\/\/www.apwbelgium.be\/nl\/wp-content\/uploads\/2022\/09\/greenTriangle_15px.png');\">\n<li>Zelfs voor de providers zelf is het moeilijk om te voorspellen welke zendmasten in de toekomst zullen blijven bestaan en welke worden afgebroken. APWireless verliest jaarlijks meerdere locaties en hoewel wij proberen zorgvuldig te overwegen welke telecom-installaties wij wensen over te nemen blijft het voor ons ook onvoorspelbaar en daarmee een groot risico.<\/li>\n<\/ul>\n<\/div>\n<p>[\/vc_column_text][\/vc_column][\/vc_row][vc_row][vc_column]<div class=\"shortcode-banner\" style=\"min-height: 150px\"><div class=\"shortcode-banner-bg wf-table\" style=\"padding: 10px;min-height: 150px\"><div class=\"shortcode-banner-inside wf-table text-normal\" style=\"background-color: rgb(145,165,164);background-color: rgba(145,165,164,0.14);border: solid 10px transparent;outline: solid 3px;outline-color: #ffffff;height: 140px\"><div><h3 style=\"text-align: center; font-weight: bold; font-size: 28px; line-height: 27px;\">Als de telecomsector zo onvoorspelbaar is, waarom zou iemand uw huur dan willen kopen?<\/h3>\n<\/div><\/div><\/div><\/div>[\/vc_column][\/vc_row][vc_row][vc_column width=&#8221;1\/2&#8243; el_id=&#8221;secureAnt1&#8243;][vc_single_image image=&#8221;8342&#8243; img_size=&#8221;full&#8221; alignment=&#8221;center&#8221;][vc_column_text]<\/p>\n<h4 style=\"text-align: center;\">Uw Risico<\/h4>\n<p>[\/vc_column_text][\/vc_column][vc_column width=&#8221;1\/2&#8243; el_id=&#8221;secureAnt2&#8243;][vc_single_image image=&#8221;8352&#8243; img_size=&#8221;full&#8221; alignment=&#8221;center&#8221;][vc_column_text]<\/p>\n<h4 style=\"text-align: center;\">APWireless<\/h4>\n<p>[\/vc_column_text][\/vc_column][\/vc_row][vc_row][vc_column][vc_column_text]<\/p>\n<div id=\"secureTest\" style=\"margin-left: 40px; margin-right: 29px;\">\n<p class=\"justify\">Wij beschikken over vele locaties en dit maakt dat het risico voor ons \u2013 relatief gezien \u2013 kleiner is. Helaas verliezen wij locaties en daardoor veel geld, maar omdat wij nog over tal van andere zendmasten beschikken blijft er huur binnenkomen. U heeft echter als eigenaar wellicht \u00e9\u00e9n zendmast of een kleine portefeuille, waardoor u geen vangnet heeft. Uw risico is: \u2018alles of niets\u2019.<\/p>\n<\/div>\n<p>[\/vc_column_text][\/vc_column][\/vc_row]<\/p>\n<\/div>","protected":false},"excerpt":{"rendered":"<p>[vc_row css=&#8221;.vc_custom_1540399030011{background-color: #ffffff !important;}&#8221;][vc_column css=&#8221;.vc_custom_1547235127203{margin-top: -40px !important;}&#8221;][vc_row_inner css=&#8221;.vc_custom_1561493994623{margin-bottom: 40px !important;}&#8221;][vc_column_inner css=&#8221;.vc_custom_1548366890365{margin-bottom: -20px !important;}&#8221;][\/vc_column_inner][\/vc_row_inner][\/vc_column][\/vc_row][vc_row el_id=&#8221;wideDisplay&#8221;][vc_column width=&#8221;1\/3&#8243;][vc_single_image image=&#8221;7958&#8243; alignment=&#8221;center&#8221; css_animation=&#8221;none&#8221;][\/vc_column][vc_column width=&#8221;1\/3&#8243;][vc_single_image image=&#8221;7960&#8243; alignment=&#8221;center&#8221; css_animation=&#8221;none&#8221;][\/vc_column][vc_column width=&#8221;1\/3&#8243;][vc_single_image image=&#8221;7959&#8243; alignment=&#8221;center&#8221; css_animation=&#8221;none&#8221;][\/vc_column][\/vc_row][vc_row][vc_column][vc_column_text] De huurovereenkomst met betrekking tot uw zendmast geeft weinig zekerheid. De overeenkomst kan op ieder moment worden opgezegd, waardoor u uw inkomsten verliest. U heeft geen enkele invloed op&hellip;<\/p>\n","protected":false},"author":1,"featured_media":0,"parent":2,"menu_order":0,"comment_status":"closed","ping_status":"closed","template":"","meta":{"_acf_changed":false,"inline_featured_image":false,"footnotes":""},"class_list":["post-7455","page","type-page","status-publish","hentry","description-off"],"acf":[],"aioseo_notices":[],"_links":{"self":[{"href":"https:\/\/www.apwbelgium.be\/nl\/wp-json\/wp\/v2\/pages\/7455","targetHints":{"allow":["GET"]}}],"collection":[{"href":"https:\/\/www.apwbelgium.be\/nl\/wp-json\/wp\/v2\/pages"}],"about":[{"href":"https:\/\/www.apwbelgium.be\/nl\/wp-json\/wp\/v2\/types\/page"}],"author":[{"embeddable":true,"href":"https:\/\/www.apwbelgium.be\/nl\/wp-json\/wp\/v2\/users\/1"}],"replies":[{"embeddable":true,"href":"https:\/\/www.apwbelgium.be\/nl\/wp-json\/wp\/v2\/comments?post=7455"}],"version-history":[{"count":78,"href":"https:\/\/www.apwbelgium.be\/nl\/wp-json\/wp\/v2\/pages\/7455\/revisions"}],"predecessor-version":[{"id":9291,"href":"https:\/\/www.apwbelgium.be\/nl\/wp-json\/wp\/v2\/pages\/7455\/revisions\/9291"}],"up":[{"embeddable":true,"href":"https:\/\/www.apwbelgium.be\/nl\/wp-json\/wp\/v2\/pages\/2"}],"wp:attachment":[{"href":"https:\/\/www.apwbelgium.be\/nl\/wp-json\/wp\/v2\/media?parent=7455"}],"curies":[{"name":"wp","href":"https:\/\/api.w.org\/{rel}","templated":true}]}}